{"id":23329,"date":"2026-05-06T08:50:58","date_gmt":"2026-05-06T08:50:58","guid":{"rendered":"https:\/\/www.abunda.plus\/?page_id=23329"},"modified":"2026-05-06T20:30:09","modified_gmt":"2026-05-06T20:30:09","slug":"casos-de-exito","status":"publish","type":"page","link":"https:\/\/www.abunda.plus\/es\/casos-de-exito\/","title":{"rendered":"Casos de \u00c9xito"},"content":{"rendered":"\t\t<div data-elementor-type=\"wp-page\" data-elementor-id=\"23329\" class=\"elementor elementor-23329\">\n\t\t\t\t\t\t\t<div class=\"elementor-element elementor-element-7e8a41c e-con-boxed e-con\" data-id=\"7e8a41c\" data-element_type=\"container\" data-settings=\"{&quot;content_width&quot;:&quot;boxed&quot;}\">\n\t\t\t\t\t<div class=\"e-con-inner\">\n\t\t\t\t<div class=\"elementor-element elementor-element-6a78e8c elementor-widget elementor-widget-agrarium_heading\" data-id=\"6a78e8c\" data-element_type=\"widget\" data-widget_type=\"agrarium_heading.default\">\n\t\t\t\t<div class=\"elementor-widget-container\">\n\t\t\t<div class=\"agrarium-heading-widget\"><h3 class=\"agrarium-heading\"><span class=\"agrarium-heading-content\">Descubre c\u00f3mo organizaciones agr\u00edcolas est\u00e1n digitalizando su sistema de control interno, mejorando la trazabilidad y prepar\u00e1ndose para cumplir con normativas como la EUDR.<\/span><\/h3><\/div>\t\t<\/div>\n\t\t\t\t<\/div>\n\t\t\t\t<div class=\"elementor-element elementor-element-62ea0f4 elementor-widget elementor-widget-text-editor\" data-id=\"62ea0f4\" data-element_type=\"widget\" data-widget_type=\"text-editor.default\">\n\t\t\t\t<div class=\"elementor-widget-container\">\n\t\t\t<style>\/*! elementor - v3.11.1 - 15-02-2023 *\/\n.elementor-widget-text-editor.elementor-drop-cap-view-stacked .elementor-drop-cap{background-color:#818a91;color:#fff}.elementor-widget-text-editor.elementor-drop-cap-view-framed .elementor-drop-cap{color:#818a91;border:3px solid;background-color:transparent}.elementor-widget-text-editor:not(.elementor-drop-cap-view-default) .elementor-drop-cap{margin-top:8px}.elementor-widget-text-editor:not(.elementor-drop-cap-view-default) .elementor-drop-cap-letter{width:1em;height:1em}.elementor-widget-text-editor .elementor-drop-cap{float:left;text-align:center;line-height:1;font-size:50px}.elementor-widget-text-editor .elementor-drop-cap-letter{display:inline-block}<\/style>\t\t\t\t<p data-start=\"525\" data-end=\"728\">En abunda trabajamos con organizaciones que necesitan gestionar grandes vol\u00famenes de datos en campo, mejorar sus procesos de inspecci\u00f3n interna y garantizar el cumplimiento de est\u00e1ndares internacionales.<\/p><p data-start=\"730\" data-end=\"798\">A continuaci\u00f3n puedes ver algunos ejemplos reales de implementaci\u00f3n.<\/p>\t\t\t\t\t\t<\/div>\n\t\t\t\t<\/div>\n\t\t\t\t\t<\/div>\n\t\t\t\t<\/div>\n\t\t<div class=\"elementor-element elementor-element-d2df831 e-con-boxed e-con\" data-id=\"d2df831\" data-element_type=\"container\" data-settings=\"{&quot;content_width&quot;:&quot;boxed&quot;}\">\n\t\t\t\t\t<div class=\"e-con-inner\">\n\t\t<div class=\"elementor-element elementor-element-38d7985 e-con-full e-con\" data-id=\"38d7985\" data-element_type=\"container\" data-settings=\"{&quot;content_width&quot;:&quot;full&quot;}\">\n\t\t<div class=\"elementor-element elementor-element-0b713b8 e-con-boxed e-con\" data-id=\"0b713b8\" data-element_type=\"container\" data-settings=\"{&quot;content_width&quot;:&quot;boxed&quot;}\">\n\t\t\t\t\t<div class=\"e-con-inner\">\n\t\t\t\t<div class=\"elementor-element elementor-element-cd4c517 elementor-widget elementor-widget-agrarium_image\" data-id=\"cd4c517\" data-element_type=\"widget\" data-widget_type=\"agrarium_image.default\">\n\t\t\t\t<div class=\"elementor-widget-container\">\n\t\t\t        <div class=\"image-widget\">\n            <div class=\"image-container image-style-default\">\n                <img decoding=\"async\" class=\"main-image\" src=\"https:\/\/www.abunda.plus\/wp-content\/uploads\/2026\/05\/IMG_0770-2.jpg\" alt=\"\" \/>\n                            <\/div>\n        <\/div>\n        \t\t<\/div>\n\t\t\t\t<\/div>\n\t\t\t\t\t<\/div>\n\t\t\t\t<\/div>\n\t\t\t\t<div class=\"elementor-element elementor-element-4cc637e elementor-widget elementor-widget-agrarium_heading\" data-id=\"4cc637e\" data-element_type=\"widget\" data-widget_type=\"agrarium_heading.default\">\n\t\t\t\t<div class=\"elementor-widget-container\">\n\t\t\t<div class=\"agrarium-heading-widget\"><h2 class=\"agrarium-heading\"><span class=\"agrarium-heading-content\">FUNDOPO<br \/><span style=\"color: #4caf50;font-weight: 500\">Rep\u00fablica Dominicana<\/span><\/span><\/h2><\/div>\t\t<\/div>\n\t\t\t\t<\/div>\n\t\t\t\t<div class=\"elementor-element elementor-element-bb39d70 elementor-widget elementor-widget-text-editor\" data-id=\"bb39d70\" data-element_type=\"widget\" data-widget_type=\"text-editor.default\">\n\t\t\t\t<div class=\"elementor-widget-container\">\n\t\t\t\t\t\t\t<p>FUNDOPO ha digitalizado miles de productores y geolocalizado el 100% de sus parcelas, construyendo un sistema de control interno profesional preparado para la EUDR.<\/p>\t\t\t\t\t\t<\/div>\n\t\t\t\t<\/div>\n\t\t\t\t<div class=\"elementor-element elementor-element-41469a2 elementor-widget elementor-widget-text-editor\" data-id=\"41469a2\" data-element_type=\"widget\" data-widget_type=\"text-editor.default\">\n\t\t\t\t<div class=\"elementor-widget-container\">\n\t\t\t\t\t\t\t<ul style=\"list-style: none; padding-left: 0;\"><li>3,800 productores digitalizados<\/li><li>100% parcelas geolocalizadas<\/li><li>Sistema preparado para EUDR<\/li><\/ul>\t\t\t\t\t\t<\/div>\n\t\t\t\t<\/div>\n\t\t\t\t<div class=\"elementor-element elementor-element-049399f elementor-widget elementor-widget-agrarium_button\" data-id=\"049399f\" data-element_type=\"widget\" data-widget_type=\"agrarium_button.default\">\n\t\t\t\t<div class=\"elementor-widget-container\">\n\t\t\t\n        <div class=\"button-widget\">\n            <div class=\"button-container\">\n                <a class=\"agrarium-button\" href=\"https:\/\/www.abunda.plus\/es\/casos-de-exito\/fundopo\/\" target=\"_blank\">Ver caso completo \u2192<\/a>\n            <\/div>\n        <\/div>\n        \t\t<\/div>\n\t\t\t\t<\/div>\n\t\t\t\t<\/div>\n\t\t<div class=\"elementor-element elementor-element-96dffe5 e-con-full e-con\" data-id=\"96dffe5\" data-element_type=\"container\" data-settings=\"{&quot;content_width&quot;:&quot;full&quot;}\">\n\t\t<div class=\"elementor-element elementor-element-2302ba8 e-con-boxed e-con\" data-id=\"2302ba8\" data-element_type=\"container\" data-settings=\"{&quot;content_width&quot;:&quot;boxed&quot;}\">\n\t\t\t\t\t<div class=\"e-con-inner\">\n\t\t\t\t<div class=\"elementor-element elementor-element-9743740 scroll-motion-no elementor-widget elementor-widget-agrarium_image\" data-id=\"9743740\" data-element_type=\"widget\" data-widget_type=\"agrarium_image.default\">\n\t\t\t\t<div class=\"elementor-widget-container\">\n\t\t\t        <div class=\"image-widget\">\n            <div class=\"image-container image-style-default\">\n                <img decoding=\"async\" class=\"main-image\" src=\"https:\/\/www.abunda.plus\/wp-content\/uploads\/2026\/05\/Imagen-Caso-de-Exito-InConexus-2.jpeg\" alt=\"\" \/>\n                            <\/div>\n        <\/div>\n        \t\t<\/div>\n\t\t\t\t<\/div>\n\t\t\t\t\t<\/div>\n\t\t\t\t<\/div>\n\t\t\t\t<div class=\"elementor-element elementor-element-6f37ecb elementor-widget elementor-widget-agrarium_heading\" data-id=\"6f37ecb\" data-element_type=\"widget\" data-widget_type=\"agrarium_heading.default\">\n\t\t\t\t<div class=\"elementor-widget-container\">\n\t\t\t<div class=\"agrarium-heading-widget\"><h2 class=\"agrarium-heading\"><span class=\"agrarium-heading-content\">InConexus<br \/><span style=\"color: #4caf50;font-weight: 500\">Colombia<\/span><\/span><\/h2><\/div>\t\t<\/div>\n\t\t\t\t<\/div>\n\t\t\t\t<div class=\"elementor-element elementor-element-2b66934 elementor-widget elementor-widget-text-editor\" data-id=\"2b66934\" data-element_type=\"widget\" data-widget_type=\"text-editor.default\">\n\t\t\t\t<div class=\"elementor-widget-container\">\n\t\t\t\t\t\t\t<p>InConexus ha transformado su sistema de control interno, pasando de procesos manuales a una gesti\u00f3n digital eficiente, mejorando la trazabilidad, las inspecciones internas y la preparaci\u00f3n para auditor\u00edas.<\/p>\t\t\t\t\t\t<\/div>\n\t\t\t\t<\/div>\n\t\t\t\t<div class=\"elementor-element elementor-element-9d93e60 elementor-widget elementor-widget-text-editor\" data-id=\"9d93e60\" data-element_type=\"widget\" data-widget_type=\"text-editor.default\">\n\t\t\t\t<div class=\"elementor-widget-container\">\n\t\t\t\t\t\t\t<ul style=\"list-style: none; padding-left: 0;\"><li>Digitalizaci\u00f3n completa del ICS<\/li><li>Inspecciones en campo estandarizadas<\/li><li>Mejora en trazabilidad y auditor\u00edas<\/li><\/ul>\t\t\t\t\t\t<\/div>\n\t\t\t\t<\/div>\n\t\t\t\t<div class=\"elementor-element elementor-element-bae8239 elementor-widget elementor-widget-agrarium_button\" data-id=\"bae8239\" data-element_type=\"widget\" data-widget_type=\"agrarium_button.default\">\n\t\t\t\t<div class=\"elementor-widget-container\">\n\t\t\t\n        <div class=\"button-widget\">\n            <div class=\"button-container\">\n                <a class=\"agrarium-button\" href=\"https:\/\/www.abunda.plus\/es\/casos-de-exito\/inconexus\/\" target=\"_blank\">Ver caso completo \u2192<\/a>\n            <\/div>\n        <\/div>\n        \t\t<\/div>\n\t\t\t\t<\/div>\n\t\t\t\t<\/div>\n\t\t\t\t\t<\/div>\n\t\t\t\t<\/div>\n\t\t\t\t\t\t\t<\/div>\n\t\t","protected":false},"excerpt":{"rendered":"<p>En abunda trabajamos con organizaciones que necesitan gestionar grandes vol\u00famenes de datos en campo, mejorar sus procesos de inspecci\u00f3n interna y garantizar el cumplimiento de est\u00e1ndares internacionales. A continuaci\u00f3n puedes ver algunos ejemplos reales de implementaci\u00f3n. FUNDOPO ha digitalizado miles de&#8230;<\/p>\n","protected":false},"author":4,"featured_media":0,"parent":0,"menu_order":0,"comment_status":"closed","ping_status":"closed","template":"","meta":{"footnotes":""},"class_list":["post-23329","page","type-page","status-publish","hentry"],"_links":{"self":[{"href":"https:\/\/www.abunda.plus\/es\/wp-json\/wp\/v2\/pages\/23329","targetHints":{"allow":["GET"]}}],"collection":[{"href":"https:\/\/www.abunda.plus\/es\/wp-json\/wp\/v2\/pages"}],"about":[{"href":"https:\/\/www.abunda.plus\/es\/wp-json\/wp\/v2\/types\/page"}],"author":[{"embeddable":true,"href":"https:\/\/www.abunda.plus\/es\/wp-json\/wp\/v2\/users\/4"}],"replies":[{"embeddable":true,"href":"https:\/\/www.abunda.plus\/es\/wp-json\/wp\/v2\/comments?post=23329"}],"version-history":[{"count":19,"href":"https:\/\/www.abunda.plus\/es\/wp-json\/wp\/v2\/pages\/23329\/revisions"}],"predecessor-version":[{"id":23367,"href":"https:\/\/www.abunda.plus\/es\/wp-json\/wp\/v2\/pages\/23329\/revisions\/23367"}],"wp:attachment":[{"href":"https:\/\/www.abunda.plus\/es\/wp-json\/wp\/v2\/media?parent=23329"}],"curies":[{"name":"wp","href":"https:\/\/api.w.org\/{rel}","templated":true}]}}