{"id":23269,"date":"2026-05-05T18:28:56","date_gmt":"2026-05-05T18:28:56","guid":{"rendered":"https:\/\/www.abunda.plus\/?page_id=23269"},"modified":"2026-05-06T20:51:00","modified_gmt":"2026-05-06T20:51:00","slug":"fundopo","status":"publish","type":"page","link":"https:\/\/www.abunda.plus\/es\/casos-de-exito\/fundopo\/","title":{"rendered":"FUNDOPO \u2013 Rep\u00fablica Dominicana:"},"content":{"rendered":"\t\t<div data-elementor-type=\"wp-page\" data-elementor-id=\"23269\" class=\"elementor elementor-23269\">\n\t\t\t\t\t\t\t<div class=\"elementor-element elementor-element-7d5ee34 e-con-boxed e-con\" data-id=\"7d5ee34\" data-element_type=\"container\" data-settings=\"{&quot;content_width&quot;:&quot;boxed&quot;}\">\n\t\t\t\t\t<div class=\"e-con-inner\">\n\t\t\t\t<div class=\"elementor-element elementor-element-a709317 elementor-widget elementor-widget-agrarium_heading\" data-id=\"a709317\" data-element_type=\"widget\" data-widget_type=\"agrarium_heading.default\">\n\t\t\t\t<div class=\"elementor-widget-container\">\n\t\t\t<div class=\"agrarium-heading-widget\"><h3 class=\"agrarium-heading\"><span class=\"agrarium-heading-content\"><span>Escalando un Sistema de Control Interno a nivel profesional y EUDR-<\/span><span>ready<\/span><span>\u00a0con abunda<\/span><\/span><\/h3><\/div>\t\t<\/div>\n\t\t\t\t<\/div>\n\t\t\t\t\t<\/div>\n\t\t\t\t<\/div>\n\t\t<div class=\"elementor-element elementor-element-d6d8b74 e-con-boxed e-con\" data-id=\"d6d8b74\" data-element_type=\"container\" data-settings=\"{&quot;content_width&quot;:&quot;boxed&quot;}\">\n\t\t\t\t\t<div class=\"e-con-inner\">\n\t\t\t\t<div class=\"elementor-element elementor-element-8abcf90 elementor-widget elementor-widget-text-editor\" data-id=\"8abcf90\" data-element_type=\"widget\" data-widget_type=\"text-editor.default\">\n\t\t\t\t<div class=\"elementor-widget-container\">\n\t\t\t<style>\/*! elementor - v3.11.1 - 15-02-2023 *\/\n.elementor-widget-text-editor.elementor-drop-cap-view-stacked .elementor-drop-cap{background-color:#818a91;color:#fff}.elementor-widget-text-editor.elementor-drop-cap-view-framed .elementor-drop-cap{color:#818a91;border:3px solid;background-color:transparent}.elementor-widget-text-editor:not(.elementor-drop-cap-view-default) .elementor-drop-cap{margin-top:8px}.elementor-widget-text-editor:not(.elementor-drop-cap-view-default) .elementor-drop-cap-letter{width:1em;height:1em}.elementor-widget-text-editor .elementor-drop-cap{float:left;text-align:center;line-height:1;font-size:50px}.elementor-widget-text-editor .elementor-drop-cap-letter{display:inline-block}<\/style>\t\t\t\t<h4><span class=\"TextRun SCXW222760140 BCX0\" lang=\"ES-ES\" xml:lang=\"ES-ES\" data-contrast=\"none\"><span class=\"NormalTextRun SCXW222760140 BCX0\" data-ccp-parastyle=\"heading 1\">Perfil de la organizaci\u00f3n<\/span><\/span>:<\/h4><p><span class=\"TextRun SCXW137857606 BCX0\" lang=\"ES-ES\" xml:lang=\"ES-ES\" data-contrast=\"auto\"><span class=\"NormalTextRun SCXW137857606 BCX0\">FUNDOPO<\/span><span class=\"NormalTextRun SCXW137857606 BCX0\">\u00a0es una de\u00a0<\/span><span class=\"NormalTextRun ContextualSpellingAndGrammarErrorV2Themed SCXW137857606 BCX0\">la organizaci<\/span><span class=\"NormalTextRun ContextualSpellingAndGrammarErrorV2Themed SCXW137857606 BCX0\">ones<\/span><span class=\"NormalTextRun SCXW137857606 BCX0\">\u00a0de\u00a0<\/span><span class=\"NormalTextRun SCXW137857606 BCX0\">peque\u00f1os\u00a0<\/span><span class=\"NormalTextRun SCXW137857606 BCX0\">productores m\u00e1s relevantes en Rep\u00fablica Dominicana, con m\u00e1s de 3,<\/span><span class=\"NormalTextRun SCXW137857606 BCX0\">5<\/span><span class=\"NormalTextRun SCXW137857606 BCX0\">00 productores activos y una proyecci\u00f3n de crecimiento a 5,000.<\/span><\/span><span class=\"LineBreakBlob BlobObject DragDrop SCXW137857606 BCX0\"><span class=\"SCXW137857606 BCX0\">\u00a0<\/span><br class=\"SCXW137857606 BCX0\" \/><\/span><span class=\"LineBreakBlob BlobObject DragDrop SCXW137857606 BCX0\"><span class=\"SCXW137857606 BCX0\">\u00a0<\/span><br class=\"SCXW137857606 BCX0\" \/><\/span><span class=\"TextRun SCXW137857606 BCX0\" lang=\"ES-ES\" xml:lang=\"ES-ES\" data-contrast=\"auto\"><span class=\"NormalTextRun SCXW137857606 BCX0\">Opera bajo m\u00faltiples est\u00e1ndares internacionales como EU\u00a0<\/span><span class=\"NormalTextRun SpellingErrorV2Themed SCXW137857606 BCX0\">Organic<\/span><span class=\"NormalTextRun SCXW137857606 BCX0\">, Bio\u00a0<\/span><span class=\"NormalTextRun SpellingErrorV2Themed SCXW137857606 BCX0\">Suisse<\/span><span class=\"NormalTextRun SCXW137857606 BCX0\">, NOP,\u00a0<\/span><span class=\"NormalTextRun SpellingErrorV2Themed SCXW137857606 BCX0\">Naturland<\/span><span class=\"NormalTextRun SCXW137857606 BCX0\">, ROC,\u00a0<\/span><span class=\"NormalTextRun SpellingErrorV2Themed SCXW137857606 BCX0\">Fairtrade<\/span><span class=\"NormalTextRun SCXW137857606 BCX0\">\u00a0y\u00a0<\/span><span class=\"NormalTextRun SpellingErrorV2Themed SCXW137857606 BCX0\">Fair<\/span><span class=\"NormalTextRun SCXW137857606 BCX0\">\u00a0<\/span><span class=\"NormalTextRun SpellingErrorV2Themed SCXW137857606 BCX0\">for<\/span><span class=\"NormalTextRun SCXW137857606 BCX0\">\u00a0<\/span><span class=\"NormalTextRun SpellingErrorV2Themed SCXW137857606 BCX0\">Life<\/span><span class=\"NormalTextRun SCXW137857606 BCX0\">, trabajando con\u00a0<\/span><span class=\"NormalTextRun SCXW137857606 BCX0\">diferentes\u00a0<\/span><span class=\"NormalTextRun SCXW137857606 BCX0\">certificadoras<\/span><span class=\"NormalTextRun SCXW137857606 BCX0\">\u00a0<\/span><span class=\"NormalTextRun SCXW137857606 BCX0\">\u00a0<\/span><span class=\"NormalTextRun SCXW137857606 BCX0\">destacadas en\u00a0<\/span><span class=\"NormalTextRun SpellingErrorV2Themed SCXW137857606 BCX0\">america<\/span><span class=\"NormalTextRun SCXW137857606 BCX0\">\u00a0latina<\/span><span class=\"NormalTextRun SCXW137857606 BCX0\">.<\/span><\/span><span class=\"EOP SCXW137857606 BCX0\" data-ccp-props=\"{}\">\u00a0<\/span><\/p><h4>El reto:<\/h4><p><span class=\"TextRun SCXW232033451 BCX0\" lang=\"ES-ES\" xml:lang=\"ES-ES\" data-contrast=\"auto\"><span class=\"NormalTextRun SCXW232033451 BCX0\">Antes de implementar abunda,\u00a0<\/span><span class=\"NormalTextRun SCXW232033451 BCX0\">FUNDOPO<\/span><span class=\"NormalTextRun SCXW232033451 BCX0\">\u00a0gestionaba su sistema de control interno (ICS) de forma completamente manual: inspecciones en papel, datos incompletos o ilegibles, mapas dibujados a mano y una alta carga administrativa. Esto limitaba la eficiencia y la capacidad de cumplir con nuevos requisitos como la EUDR.<\/span><\/span><span class=\"EOP SCXW232033451 BCX0\" data-ccp-props=\"{}\">\u00a0<\/span><\/p><h4><span class=\"TextRun SCXW224483083 BCX0\" lang=\"ES-ES\" xml:lang=\"ES-ES\" data-contrast=\"none\"><span class=\"NormalTextRun SCXW224483083 BCX0\" data-ccp-parastyle=\"heading 1\">La soluci\u00f3n<\/span><\/span>:<\/h4><p><span class=\"TextRun SCXW122625016 BCX0\" lang=\"ES-ES\" xml:lang=\"ES-ES\" data-contrast=\"auto\"><span class=\"NormalTextRun SCXW122625016 BCX0\">En junio de 2024,\u00a0<\/span><span class=\"NormalTextRun SCXW122625016 BCX0\">FUNDOPO<\/span><span class=\"NormalTextRun SCXW122625016 BCX0\">\u00a0implement\u00f3 abunda como soluci\u00f3n integral para digitalizar su ICS. Actualmente utilizan inspecciones digitales, geolocalizaci\u00f3n de parcelas, captura de evidencias y gesti\u00f3n centralizada de datos.<\/span><\/span><span class=\"EOP SCXW122625016 BCX0\" data-ccp-props=\"{}\">\u00a0<\/span><\/p><h4>EUDR:<\/h4><p><span class=\"TextRun SCXW153915007 BCX0\" lang=\"ES-ES\" xml:lang=\"ES-ES\" data-contrast=\"auto\"><span class=\"NormalTextRun SCXW153915007 BCX0\">FUNDOPO<\/span><span class=\"NormalTextRun SCXW153915007 BCX0\">\u00a0ha logrado geolocalizar el 100% de las parcelas, generar archivos\u00a0<\/span><span class=\"NormalTextRun SpellingErrorV2Themed SCXW153915007 BCX0\">Geo<\/span><span class=\"NormalTextRun SpellingErrorV2Themed SCXW153915007 BCX0\">json<\/span><span class=\"NormalTextRun SCXW153915007 BCX0\">\u00a0y recopilar evidencias en campo para responder a riesgos de deforestaci\u00f3n. Esto les permite avanzar de forma estructurada hacia el cumplimiento de la EUDR.<\/span><\/span><span class=\"EOP SCXW153915007 BCX0\" data-ccp-props=\"{}\">\u00a0<\/span><\/p><h4>Resultados:<\/h4><ul><li><span class=\"TextRun SCXW268178393 BCX0\" lang=\"ES-ES\" xml:lang=\"ES-ES\" data-contrast=\"auto\"><span class=\"NormalTextRun SCXW268178393 BCX0\">3,<\/span><span class=\"NormalTextRun SCXW268178393 BCX0\">8<\/span><span class=\"NormalTextRun SCXW268178393 BCX0\">00 productores digitalizados<\/span><\/span><\/li><li><span class=\"TextRun SCXW268178393 BCX0\" lang=\"ES-ES\" xml:lang=\"ES-ES\" data-contrast=\"auto\"><span class=\"NormalTextRun SCXW268178393 BCX0\">100% parcelas geolocalizadas<\/span><\/span><\/li><li><span class=\"TextRun SCXW268178393 BCX0\" lang=\"ES-ES\" xml:lang=\"ES-ES\" data-contrast=\"auto\"><span class=\"NormalTextRun SCXW268178393 BCX0\">95% evidencias recolectadas<\/span><\/span><\/li><li><span class=\"TextRun SCXW268178393 BCX0\" lang=\"ES-ES\" xml:lang=\"ES-ES\" data-contrast=\"auto\"><span class=\"NormalTextRun SCXW268178393 BCX0\">Mayor eficiencia y confianza en auditor\u00edas<\/span><\/span><\/li><\/ul><h4><span class=\"TextRun SCXW98889624 BCX0\" lang=\"ES-ES\" xml:lang=\"ES-ES\" data-contrast=\"none\"><span class=\"NormalTextRun SCXW98889624 BCX0\" data-ccp-parastyle=\"heading 1\">Testimonio<\/span><\/span>:<\/h4><p><span data-contrast=\"auto\">\u201cCon abunda hemos logrado profesionalizar nuestro sistema de control interno: pasamos de procesos manuales a un sistema digital estructurado y basado en evidencia.\u201d<\/span><span data-ccp-props=\"{}\">\u00a0<\/span><\/p><p><span data-contrast=\"auto\">\u00abFUNDOPO est\u00e1 creciendo con fuerza, y sin abunda no podr\u00edamos hacerlo con la misma eficacia.\u00bb<\/span><\/p><h4><span class=\"TextRun SCXW59414995 BCX0\" lang=\"ES-ES\" xml:lang=\"ES-ES\" data-contrast=\"none\"><span class=\"NormalTextRun SCXW59414995 BCX0\" data-ccp-parastyle=\"heading 1\">Conclusi\u00f3n<\/span><\/span>:<\/h4><p><span class=\"TextRun SCXW222899684 BCX0\" lang=\"ES-ES\" xml:lang=\"ES-ES\" data-contrast=\"auto\"><span class=\"NormalTextRun SCXW222899684 BCX0\">FUNDOPO<\/span><span class=\"NormalTextRun SCXW222899684 BCX0\">\u00a0<\/span><span class=\"NormalTextRun SCXW222899684 BCX0\">ha transformado su sistema de control interno en una operaci\u00f3n digital profesional, eficiente y escalable. Hoy no solo est\u00e1n preparados para cumplir con la EUDR, sino tambi\u00e9n para adaptarse r\u00e1pidamente a nuevos est\u00e1ndares y cambios regulatorios, consolidando un sistema robusto, confiable y orientado al futuro.<\/span><\/span><\/p>\t\t\t\t\t\t<\/div>\n\t\t\t\t<\/div>\n\t\t\t\t\t<\/div>\n\t\t\t\t<\/div>\n\t\t<div class=\"elementor-element elementor-element-9608966 e-con-boxed e-con\" data-id=\"9608966\" data-element_type=\"container\" data-settings=\"{&quot;content_width&quot;:&quot;boxed&quot;}\">\n\t\t\t\t\t<div class=\"e-con-inner\">\n\t\t\t\t<div class=\"elementor-element elementor-element-9c49e36 scroll-motion-no elementor-widget elementor-widget-image\" data-id=\"9c49e36\" data-element_type=\"widget\" data-widget_type=\"image.default\">\n\t\t\t\t<div class=\"elementor-widget-container\">\n\t\t\t<style>\/*! elementor - v3.11.1 - 15-02-2023 *\/\n.elementor-widget-image{text-align:center}.elementor-widget-image a{display:inline-block}.elementor-widget-image a img[src$=\".svg\"]{width:48px}.elementor-widget-image img{vertical-align:middle;display:inline-block}<\/style>\t\t\t\t\t\t\t\t\t\t\t\t<img loading=\"lazy\" decoding=\"async\" width=\"1024\" height=\"768\" src=\"https:\/\/www.abunda.plus\/wp-content\/uploads\/2026\/05\/Fundopo-Caso-de-exito-1-1024x768.jpeg\" class=\"attachment-large size-large wp-image-23370\" alt=\"\" srcset=\"https:\/\/www.abunda.plus\/wp-content\/uploads\/2026\/05\/Fundopo-Caso-de-exito-1-1024x768.jpeg 1024w, https:\/\/www.abunda.plus\/wp-content\/uploads\/2026\/05\/Fundopo-Caso-de-exito-1-300x225.jpeg 300w, https:\/\/www.abunda.plus\/wp-content\/uploads\/2026\/05\/Fundopo-Caso-de-exito-1-768x576.jpeg 768w, https:\/\/www.abunda.plus\/wp-content\/uploads\/2026\/05\/Fundopo-Caso-de-exito-1.jpeg 1200w\" sizes=\"auto, (max-width: 1024px) 100vw, 1024px\" \/>\t\t\t\t\t\t\t\t\t\t\t\t\t\t\t<\/div>\n\t\t\t\t<\/div>\n\t\t\t\t<div class=\"elementor-element elementor-element-4ccbde2 elementor-widget elementor-widget-text-editor\" data-id=\"4ccbde2\" data-element_type=\"widget\" data-widget_type=\"text-editor.default\">\n\t\t\t\t<div class=\"elementor-widget-container\">\n\t\t\t\t\t\t\t<p><span class=\"TextRun SCXW250112239 BCX0\" lang=\"ES-ES\" xml:lang=\"ES-ES\" data-contrast=\"auto\"><span class=\"NormalTextRun SCXW250112239 BCX0\">Registrando los colindantes con abunda &#8211; <\/span><span class=\"NormalTextRun SCXW250112239 BCX0\">P<\/span><span class=\"NormalTextRun SCXW250112239 BCX0\">unto&nbsp;<\/span><span class=\"NormalTextRun SCXW250112239 BCX0\">georreferencial<\/span><span class=\"NormalTextRun SCXW250112239 BCX0\">&nbsp;y evidencia<\/span><span class=\"NormalTextRun SCXW250112239 BCX0\">&nbsp;en campo<\/span><\/span><\/p>\t\t\t\t\t\t<\/div>\n\t\t\t\t<\/div>\n\t\t\t\t\t<\/div>\n\t\t\t\t<\/div>\n\t\t\t\t\t\t\t<\/div>\n\t\t","protected":false},"excerpt":{"rendered":"<p>Perfil de la organizaci\u00f3n: FUNDOPO\u00a0es una de\u00a0la organizaciones\u00a0de\u00a0peque\u00f1os\u00a0productores m\u00e1s relevantes en Rep\u00fablica Dominicana, con m\u00e1s de 3,500 productores activos y una proyecci\u00f3n de crecimiento a 5,000.\u00a0\u00a0Opera bajo m\u00faltiples est\u00e1ndares internacionales como EU\u00a0Organic, Bio\u00a0Suisse, NOP,\u00a0Naturland, ROC,\u00a0Fairtrade\u00a0y\u00a0Fair\u00a0for\u00a0Life, trabajando con\u00a0diferentes\u00a0certificadoras\u00a0\u00a0destacadas en\u00a0america\u00a0latina.\u00a0 El reto: Antes&#8230;<\/p>\n","protected":false},"author":4,"featured_media":0,"parent":23329,"menu_order":0,"comment_status":"closed","ping_status":"closed","template":"","meta":{"footnotes":""},"class_list":["post-23269","page","type-page","status-publish","hentry"],"_links":{"self":[{"href":"https:\/\/www.abunda.plus\/es\/wp-json\/wp\/v2\/pages\/23269","targetHints":{"allow":["GET"]}}],"collection":[{"href":"https:\/\/www.abunda.plus\/es\/wp-json\/wp\/v2\/pages"}],"about":[{"href":"https:\/\/www.abunda.plus\/es\/wp-json\/wp\/v2\/types\/page"}],"author":[{"embeddable":true,"href":"https:\/\/www.abunda.plus\/es\/wp-json\/wp\/v2\/users\/4"}],"replies":[{"embeddable":true,"href":"https:\/\/www.abunda.plus\/es\/wp-json\/wp\/v2\/comments?post=23269"}],"version-history":[{"count":18,"href":"https:\/\/www.abunda.plus\/es\/wp-json\/wp\/v2\/pages\/23269\/revisions"}],"predecessor-version":[{"id":23378,"href":"https:\/\/www.abunda.plus\/es\/wp-json\/wp\/v2\/pages\/23269\/revisions\/23378"}],"up":[{"embeddable":true,"href":"https:\/\/www.abunda.plus\/es\/wp-json\/wp\/v2\/pages\/23329"}],"wp:attachment":[{"href":"https:\/\/www.abunda.plus\/es\/wp-json\/wp\/v2\/media?parent=23269"}],"curies":[{"name":"wp","href":"https:\/\/api.w.org\/{rel}","templated":true}]}}