{"id":23248,"date":"2026-05-05T17:58:25","date_gmt":"2026-05-05T17:58:25","guid":{"rendered":"https:\/\/www.abunda.plus\/?page_id=23248"},"modified":"2026-05-06T08:54:39","modified_gmt":"2026-05-06T08:54:39","slug":"inconexus","status":"publish","type":"page","link":"https:\/\/www.abunda.plus\/es\/casos-de-exito\/inconexus\/","title":{"rendered":"InConexus \u2013 Colombia:"},"content":{"rendered":"\t\t<div data-elementor-type=\"wp-page\" data-elementor-id=\"23248\" class=\"elementor elementor-23248\">\n\t\t\t\t\t\t\t<div class=\"elementor-element elementor-element-6739cf9 e-con-boxed e-con\" data-id=\"6739cf9\" data-element_type=\"container\" data-settings=\"{&quot;content_width&quot;:&quot;boxed&quot;}\">\n\t\t\t\t\t<div class=\"e-con-inner\">\n\t\t\t\t<div class=\"elementor-element elementor-element-e52ed39 elementor-widget elementor-widget-agrarium_heading\" data-id=\"e52ed39\" data-element_type=\"widget\" data-widget_type=\"agrarium_heading.default\">\n\t\t\t\t<div class=\"elementor-widget-container\">\n\t\t\t<div class=\"agrarium-heading-widget\"><h3 class=\"agrarium-heading\"><span class=\"agrarium-heading-content\"><span><span>Digitalizaci\u00f3n<\/span><span> y <\/span><span>Optimizaci\u00f3n<\/span><span> del <\/span><span>Sistema<\/span><span> de Control <\/span><span>Interno<\/span><\/span><span>\u00a0<\/span><\/span><\/h3><\/div>\t\t<\/div>\n\t\t\t\t<\/div>\n\t\t\t\t\t<\/div>\n\t\t\t\t<\/div>\n\t\t<div class=\"elementor-element elementor-element-ed233b0 e-con-boxed e-con\" data-id=\"ed233b0\" data-element_type=\"container\" data-settings=\"{&quot;content_width&quot;:&quot;boxed&quot;}\">\n\t\t\t\t\t<div class=\"e-con-inner\">\n\t\t\t\t<div class=\"elementor-element elementor-element-76c59af elementor-widget elementor-widget-text-editor\" data-id=\"76c59af\" data-element_type=\"widget\" data-widget_type=\"text-editor.default\">\n\t\t\t\t<div class=\"elementor-widget-container\">\n\t\t\t<style>\/*! elementor - v3.11.1 - 15-02-2023 *\/\n.elementor-widget-text-editor.elementor-drop-cap-view-stacked .elementor-drop-cap{background-color:#818a91;color:#fff}.elementor-widget-text-editor.elementor-drop-cap-view-framed .elementor-drop-cap{color:#818a91;border:3px solid;background-color:transparent}.elementor-widget-text-editor:not(.elementor-drop-cap-view-default) .elementor-drop-cap{margin-top:8px}.elementor-widget-text-editor:not(.elementor-drop-cap-view-default) .elementor-drop-cap-letter{width:1em;height:1em}.elementor-widget-text-editor .elementor-drop-cap{float:left;text-align:center;line-height:1;font-size:50px}.elementor-widget-text-editor .elementor-drop-cap-letter{display:inline-block}<\/style>\t\t\t\t<h4>Reto:<\/h4>\n<p>La exportadora de caf\u00e9 <a href=\"https:\/\/inconexus.com\/es\/\" target=\"_blank\" rel=\"noopener\"><strong>InConexus<\/strong><\/a> enfrentaba desaf\u00edos significativos en la digitalizaci\u00f3n de los datos de sus productores y en la gesti\u00f3n de su sistema de control interno. Los registros manuales y procesos desorganizados dificultaban el seguimiento eficiente, las inspecciones internas y la recogida de datos sobre el terreno, afectando la trazabilidad y el cumplimiento de est\u00e1ndares de calidad.<\/p>\n<h4>Soluci\u00f3n:<\/h4>\n<p>Implementaci\u00f3n de la plataforma <strong>abunda<\/strong> para modernizar la gesti\u00f3n de datos, mejorar la conducci\u00f3n de inspecciones internas y optimizar el levantamiento de informaci\u00f3n directamente en el campo.<\/p>\n<h4>Pasos:<\/h4>\n<ol style=\"margin-left: 20px;\">\n<li><strong>Diagn\u00f3stico y preparaci\u00f3n:<\/strong>\n<ul style=\"margin-left: 20px;\">\n<li>Identificaci\u00f3n de las brechas en el sistema de control interno y en la recopilaci\u00f3n de datos de campo.<\/li>\n<li>Sensibilizaci\u00f3n de los miembros sobre las ventajas del uso de abunda en inspecciones internas.<\/li>\n<\/ul>\n<\/li>\n<li><strong>Digitalizaci\u00f3n de datos:<\/strong>\n<ul style=\"margin-left: 20px;\">\n<li>Migraci\u00f3n de los datos iniciales de productores y fincas al sistema digital.<\/li>\n<li>Registro automatizado de nuevas parcelas y sus caracter\u00edsticas.<\/li>\n<\/ul>\n<\/li>\n<li><strong>Optimizaci\u00f3n de las inspecciones internas:<\/strong>\n<ul style=\"margin-left: 20px;\">\n<li>Uso de la aplicaci\u00f3n abunda para realizar inspecciones en campo de manera \u00e1gil y estandarizada.<\/li>\n<li>Eliminaci\u00f3n de formularios f\u00edsicos mediante registros digitales sincronizados en tiempo real.<\/li>\n<li>Captura de datos relevantes como estado de cultivos, cumplimiento de certificaciones y registros fotogr\u00e1ficos.<\/li>\n<\/ul>\n<\/li>\n<li><strong>Capacitaci\u00f3n t\u00e9cnica:<\/strong>\n<ul style=\"margin-left: 20px;\">\n<li>Entrenamiento de los inspectores internos en el uso de abunda para facilitar las auditor\u00edas.<\/li>\n<li>Formaci\u00f3n a los productores sobre la importancia de la trazabilidad y c\u00f3mo sus datos contribuyen al proceso.<\/li>\n<\/ul>\n<\/li>\n<li><strong>An\u00e1lisis e informes:<\/strong>\n<ul style=\"margin-left: 20px;\">\n<li>Generaci\u00f3n autom\u00e1tica de informes de inspecci\u00f3n y estad\u00edsticas de rendimiento por finca.<\/li>\n<li>Visualizaci\u00f3n en tiempo real del estado de cumplimiento de cada productor.<\/li>\n<li>Creaci\u00f3n de propuestas en base a inspecciones en campo.<\/li>\n<\/ul>\n<\/li>\n<\/ol>\n<h4>Impacto en Inconexus:<\/h4>\n<ul style=\"margin-left: 20px;\">\n<li><strong>Eficiencia mejorada:<\/strong> Reducci\u00f3n del tiempo requerido para completar las inspecciones internas gracias a la automatizaci\u00f3n y centralizaci\u00f3n de datos.<\/li>\n<li><strong>Mayor precisi\u00f3n:<\/strong> Eliminaci\u00f3n de errores asociados a registros manuales.<\/li>\n<li><strong>Transparencia y origen de la producci\u00f3n:<\/strong> Acceso instant\u00e1neo a la informaci\u00f3n para clientes y certificadores, fortaleciendo la confianza en la cooperativa.<\/li>\n<li><strong>Empoderamiento en el campo:<\/strong> Los inspectores pueden actuar de manera m\u00e1s proactiva y efectiva gracias a las herramientas digitales de abunda.<\/li>\n<\/ul>\n<h4>Resultados destacados:<\/h4>\n<p>Desde la implantaci\u00f3n de abunda, <strong>InConexus<\/strong> ha mejorado sustancialmente su capacidad de cumplir con auditor\u00edas externas mediante una \u00f3ptima preparaci\u00f3n e identificaci\u00f3n de riesgos, aumentar la confianza de sus clientes y garantizar una producci\u00f3n sostenible y transparente.<\/p>\n<blockquote>\n<p><em>\u00abEspecialmente como herramienta integral para nuestro proceso de Debida Diligencia, dando cumplimiento a la normativa EUDR. Ya que es una herramienta que permite establecer los riesgos de no cumplimiento en dicha norma, tales como georreferenciaci\u00f3n de \u00e1reas para la evaluaci\u00f3n de deforestaci\u00f3n, formalizaci\u00f3n en la tenencia de la tierra, discriminaci\u00f3n de cualquier \u00edndole, entre otras.<\/em><\/p>\n<p><em>A la fecha se tienen ya m\u00e1s de 100 unidades productivas, con el seguimiento de la aplicaci\u00f3n.\u00bb<\/em><\/p>\n<p><strong>Pedro Le\u00f3n Henau, Gerente del SIC, InConexus<\/strong><\/p>\n<\/blockquote>\n\t\t\t\t\t\t<\/div>\n\t\t\t\t<\/div>\n\t\t\t\t\t<\/div>\n\t\t\t\t<\/div>\n\t\t\t\t\t\t\t<\/div>\n\t\t","protected":false},"excerpt":{"rendered":"<p>Reto: La exportadora de caf\u00e9 InConexus enfrentaba desaf\u00edos significativos en la digitalizaci\u00f3n de los datos de sus productores y en la gesti\u00f3n de su sistema de control interno. Los registros manuales y procesos desorganizados dificultaban el seguimiento eficiente, las inspecciones internas&#8230;<\/p>\n","protected":false},"author":4,"featured_media":0,"parent":23329,"menu_order":0,"comment_status":"closed","ping_status":"closed","template":"","meta":{"footnotes":""},"class_list":["post-23248","page","type-page","status-publish","hentry"],"_links":{"self":[{"href":"https:\/\/www.abunda.plus\/es\/wp-json\/wp\/v2\/pages\/23248","targetHints":{"allow":["GET"]}}],"collection":[{"href":"https:\/\/www.abunda.plus\/es\/wp-json\/wp\/v2\/pages"}],"about":[{"href":"https:\/\/www.abunda.plus\/es\/wp-json\/wp\/v2\/types\/page"}],"author":[{"embeddable":true,"href":"https:\/\/www.abunda.plus\/es\/wp-json\/wp\/v2\/users\/4"}],"replies":[{"embeddable":true,"href":"https:\/\/www.abunda.plus\/es\/wp-json\/wp\/v2\/comments?post=23248"}],"version-history":[{"count":9,"href":"https:\/\/www.abunda.plus\/es\/wp-json\/wp\/v2\/pages\/23248\/revisions"}],"predecessor-version":[{"id":23298,"href":"https:\/\/www.abunda.plus\/es\/wp-json\/wp\/v2\/pages\/23248\/revisions\/23298"}],"up":[{"embeddable":true,"href":"https:\/\/www.abunda.plus\/es\/wp-json\/wp\/v2\/pages\/23329"}],"wp:attachment":[{"href":"https:\/\/www.abunda.plus\/es\/wp-json\/wp\/v2\/media?parent=23248"}],"curies":[{"name":"wp","href":"https:\/\/api.w.org\/{rel}","templated":true}]}}