{"id":22128,"date":"2023-08-23T10:58:33","date_gmt":"2023-08-23T10:58:33","guid":{"rendered":"https:\/\/www.abunda.plus\/politica-de-cookies\/"},"modified":"2025-01-29T11:55:57","modified_gmt":"2025-01-29T11:55:57","slug":"politica-de-cookies","status":"publish","type":"page","link":"https:\/\/www.abunda.plus\/es\/politica-de-cookies\/","title":{"rendered":"Pol\u00edtica de cookies"},"content":{"rendered":"<h3>Pol\u00edtica de cookies<\/h3>\n<p><b>\u00daltima actualizaci\u00f3n: 09 de febrero de 2023<\/b><\/p>\n<p>Esta Pol\u00edtica de Cookies explica qu\u00e9 son las Cookies y c\u00f3mo las utilizamos. Usted debe leer esta pol\u00edtica para que pueda entender qu\u00e9 tipo de cookies utilizamos, o la informaci\u00f3n que recopilamos utilizando Cookies y c\u00f3mo se utiliza esa informaci\u00f3n.<\/p>\n<p>Las cookies no suelen contener informaci\u00f3n que identifique personalmente a un usuario, pero la informaci\u00f3n personal que almacenamos sobre Usted puede estar vinculada a la informaci\u00f3n almacenada y obtenida de las cookies. Para m\u00e1s informaci\u00f3n sobre c\u00f3mo utilizamos, almacenamos y mantenemos seguros sus datos personales, consulte nuestra Pol\u00edtica de privacidad.<\/p>\n<p>No almacenamos informaci\u00f3n personal sensible, como direcciones de correo, contrase\u00f1as de cuentas, etc. en las cookies que utilizamos.<\/p>\n<h4>Interpretaci\u00f3n y definiciones<\/h4>\n<p>&nbsp;<\/p>\n<h5>Interpretaci\u00f3n<\/h5>\n<p>Las palabras cuya letra inicial va en may\u00fascula tienen significados definidos en las siguientes condiciones. Las siguientes definiciones tendr\u00e1n el mismo significado independientemente de que aparezcan en singular o en plural.<\/p>\n<p>&nbsp;<\/p>\n<h5>Definiciones<\/h5>\n<p>A los efectos de la presente Pol\u00edtica de Cookies:<\/p>\n<p>&nbsp;<\/p>\n<ul>\n<li>Empresa (referida como \u00abla Empresa\u00bb, \u00abNosotros\u00bb, \u00abNos\u00bb o \u00abNuestro\u00bb en esta Pol\u00edtica de Cookies) se refiere a abunda.plus, C\/ Domingo Guerra del R\u00edo 65, Las Palmas de Gran Canaria.- Cookies significa peque\u00f1os archivos que se colocan en su ordenador, dispositivo m\u00f3vil o cualquier otro dispositivo por un sitio web, que contiene detalles de su historial de navegaci\u00f3n en ese sitio web entre sus muchos usos.<\/li>\n<li>La p\u00e1gina web hace referencia a abunda+, accesible desde www.abunda.plus<\/li>\n<li>Usted es la persona f\u00edsica que accede o utiliza el Sitio Web, o una empresa, o cualquier entidad jur\u00eddica en nombre de la cual dicha persona f\u00edsica accede o utiliza el Sitio Web, seg\u00fan proceda.<\/li>\n<\/ul>\n<p>&nbsp;<\/p>\n<h4>Uso de las cookies<\/h4>\n<h5>Tipo de cookies que utilizamos<\/h5>\n<p>Las cookies pueden ser \u00abpersistentes\u00bb o \u00abde sesi\u00f3n\u00bb. Las Cookies persistentes permanecen en su ordenador personal o dispositivo m\u00f3vil cuando se desconecta, mientras que las Cookies de sesi\u00f3n se eliminan en cuanto cierra su navegador web.<\/p>\n<p>Utilizamos tanto cookies de sesi\u00f3n como cookies persistentes para los fines que se indican a continuaci\u00f3n:<\/p>\n<p><b>Cookies necesarias \/ esenciales<\/b><br \/>\nTipo: Cookies de sesi\u00f3n<br \/>\nAdministrado por: Us<br \/>\nFinalidad: Estas Cookies son esenciales para proporcionarle los servicios disponibles a trav\u00e9s del Sitio Web y para permitirle utilizar algunas de sus funciones. Ayudan a autenticar a los usuarios y a evitar el uso fraudulento de las cuentas de usuario. Sin estas Cookies, no se pueden prestar los servicios que Usted ha solicitado, y s\u00f3lo utilizamos estas Cookies para prestarle dichos servicios.<\/p>\n<p><b>Pol\u00edtica de Cookies \/ Aviso Aceptaci\u00f3n Cookies<\/b><br \/>\nTipo: Cookies persistentes<br \/>\nAdministrado por: Us<br \/>\nFinalidad: Estas Cookies identifican si los usuarios han aceptado el uso de cookies en el Sitio Web.<\/p>\n<p><b>Cookies de funcionalidad<\/b><br \/>\nTipo: Cookies persistentes<br \/>\nAdministrado por: Us<br \/>\nFinalidad: Estas cookies nos permiten recordar las elecciones que usted hace cuando utiliza el sitio web, como recordar sus datos de inicio de sesi\u00f3n o su preferencia de idioma. La finalidad de estas Cookies es proporcionarle una experiencia m\u00e1s personal y evitar que tenga que volver a introducir sus preferencias cada vez que utilice el Sitio Web.<\/p>\n<h5>Sus opciones con respecto a las cookies<\/h5>\n<p>Si prefiere evitar el uso de Cookies en el Sitio Web, primero debe desactivar el uso de Cookies en su navegador y luego eliminar las Cookies guardadas en su navegador asociadas a este sitio web. Puede utilizar esta opci\u00f3n para impedir el uso de Cookies en cualquier momento.<\/p>\n<p>Si no acepta nuestras cookies, es posible que experimente algunos inconvenientes en el uso del sitio web y que algunas funciones no funcionen correctamente.<\/p>\n<p>Si desea eliminar las cookies o indicar a su navegador que las elimine o rechace, visite las p\u00e1ginas de ayuda de su navegador.<\/p>\n<ul>\n<li>Para el navegador Chrome, visite <a href=\"https:\/\/support.google.com\/accounts\/answer\/32050\" target=\"_blank\" rel=\"noopener\">esta p\u00e1gina de Google<\/a>.<\/li>\n<li>Para el navegador Internet Explorer, visite <a href=\"http:\/\/support.microsoft.com\/kb\/278835\" target=\"_blank\" rel=\"noopener\">esta p\u00e1gina de Microsoft<\/a>.<\/li>\n<li>Para el navegador Firefox, visite <a href=\"https:\/\/support.mozilla.org\/en-US\/kb\/delete-cookies-remove-info-websites-stored\" target=\"_blank\" rel=\"noopener\">esta p\u00e1gina de Mozilla<\/a>.<\/li>\n<li>Para el navegador Safari, visite <a href=\"https:\/\/support.apple.com\/guide\/safari\/manage-cookies-and-website-data-sfri11471\/mac\" target=\"_blank\" rel=\"noopener\">esta p\u00e1gina de Apple<\/a>.<\/li>\n<li>Para cualquier otro navegador, visite las p\u00e1ginas oficiales de su navegador.<\/li>\n<\/ul>\n<h5>M\u00e1s informaci\u00f3n sobre las cookies<\/h5>\n<p>Puede obtener m\u00e1s informaci\u00f3n sobre las cookies: <a href=\"https:\/\/www.privacypolicies.com\/blog\/cookies\/\" target=\"_blank\" rel=\"noopener\">\u00bfQu\u00e9 son las cookies?<\/a><\/p>\n<h5>Contacto<\/h5>\n<p>Si tiene alguna pregunta sobre esta Pol\u00edtica de Cookies, puede ponerse en contacto con nosotros:<\/p>\n<ul>\n<li>Por correo electr\u00f3nico: <a href=\"mailto:info@abunda.plus\" target=\"_blank\" rel=\"noopener\">info@abunda.plus<\/a><\/li>\n<\/ul>\n<p>&nbsp;<\/p>\n<p>&nbsp;<\/p>\n","protected":false},"excerpt":{"rendered":"<p>Pol\u00edtica de cookies \u00daltima actualizaci\u00f3n: 09 de febrero de 2023 Esta Pol\u00edtica de Cookies explica qu\u00e9 son las Cookies y c\u00f3mo las utilizamos. Usted debe leer esta pol\u00edtica para que pueda entender qu\u00e9 tipo de cookies utilizamos, o la informaci\u00f3n que&#8230;<\/p>\n","protected":false},"author":1,"featured_media":0,"parent":0,"menu_order":0,"comment_status":"closed","ping_status":"closed","template":"","meta":{"footnotes":""},"class_list":["post-22128","page","type-page","status-publish","hentry"],"_links":{"self":[{"href":"https:\/\/www.abunda.plus\/es\/wp-json\/wp\/v2\/pages\/22128","targetHints":{"allow":["GET"]}}],"collection":[{"href":"https:\/\/www.abunda.plus\/es\/wp-json\/wp\/v2\/pages"}],"about":[{"href":"https:\/\/www.abunda.plus\/es\/wp-json\/wp\/v2\/types\/page"}],"author":[{"embeddable":true,"href":"https:\/\/www.abunda.plus\/es\/wp-json\/wp\/v2\/users\/1"}],"replies":[{"embeddable":true,"href":"https:\/\/www.abunda.plus\/es\/wp-json\/wp\/v2\/comments?post=22128"}],"version-history":[{"count":1,"href":"https:\/\/www.abunda.plus\/es\/wp-json\/wp\/v2\/pages\/22128\/revisions"}],"predecessor-version":[{"id":22129,"href":"https:\/\/www.abunda.plus\/es\/wp-json\/wp\/v2\/pages\/22128\/revisions\/22129"}],"wp:attachment":[{"href":"https:\/\/www.abunda.plus\/es\/wp-json\/wp\/v2\/media?parent=22128"}],"curies":[{"name":"wp","href":"https:\/\/api.w.org\/{rel}","templated":true}]}}