{"id":21986,"date":"2023-08-23T08:53:43","date_gmt":"2023-08-23T08:53:43","guid":{"rendered":"https:\/\/www.abunda.plus\/quienes-somos\/"},"modified":"2025-01-29T11:48:26","modified_gmt":"2025-01-29T11:48:26","slug":"quienes-somos","status":"publish","type":"page","link":"https:\/\/www.abunda.plus\/es\/quienes-somos\/","title":{"rendered":"Qui\u00e9nes somos"},"content":{"rendered":"\t\t<div data-elementor-type=\"wp-page\" data-elementor-id=\"21986\" class=\"elementor elementor-21986 elementor-21949\">\n\t\t\t\t\t\t\t<div class=\"elementor-element elementor-element-6a9d53a e-con-boxed e-con\" data-id=\"6a9d53a\" data-element_type=\"container\" data-settings=\"{&quot;content_width&quot;:&quot;boxed&quot;}\">\n\t\t\t\t\t<div class=\"e-con-inner\">\n\t\t\t\t<div class=\"elementor-element elementor-element-f7eb4a5 elementor-widget elementor-widget-spacer\" data-id=\"f7eb4a5\" data-element_type=\"widget\" data-widget_type=\"spacer.default\">\n\t\t\t\t<div class=\"elementor-widget-container\">\n\t\t\t<style>\/*! elementor - v3.11.1 - 15-02-2023 *\/\n.elementor-column .elementor-spacer-inner{height:var(--spacer-size)}.e-con{--container-widget-width:100%}.e-con-inner>.elementor-widget-spacer,.e-con>.elementor-widget-spacer{width:var(--container-widget-width,var(--spacer-size));--align-self:var(--container-widget-align-self,initial);--flex-shrink:0}.e-con-inner>.elementor-widget-spacer>.elementor-widget-container,.e-con-inner>.elementor-widget-spacer>.elementor-widget-container>.elementor-spacer,.e-con>.elementor-widget-spacer>.elementor-widget-container,.e-con>.elementor-widget-spacer>.elementor-widget-container>.elementor-spacer{height:100%}.e-con-inner>.elementor-widget-spacer>.elementor-widget-container>.elementor-spacer>.elementor-spacer-inner,.e-con>.elementor-widget-spacer>.elementor-widget-container>.elementor-spacer>.elementor-spacer-inner{height:var(--container-widget-height,var(--spacer-size))}<\/style>\t\t<div class=\"elementor-spacer\">\n\t\t\t<div class=\"elementor-spacer-inner\"><\/div>\n\t\t<\/div>\n\t\t\t\t<\/div>\n\t\t\t\t<\/div>\n\t\t\t\t\t<\/div>\n\t\t\t\t<\/div>\n\t\t<div class=\"elementor-element elementor-element-e370523 e-con-boxed e-con\" data-id=\"e370523\" data-element_type=\"container\" data-settings=\"{&quot;content_width&quot;:&quot;boxed&quot;}\">\n\t\t\t\t\t<div class=\"e-con-inner\">\n\t\t<div class=\"elementor-element elementor-element-75d3dcf e-con-full e-con\" data-id=\"75d3dcf\" data-element_type=\"container\" data-settings=\"{&quot;content_width&quot;:&quot;full&quot;}\">\n\t\t\t\t<div class=\"elementor-element elementor-element-818ac2c scroll-motion-no elementor-widget elementor-widget-agrarium_image\" data-id=\"818ac2c\" data-element_type=\"widget\" data-widget_type=\"agrarium_image.default\">\n\t\t\t\t<div class=\"elementor-widget-container\">\n\t\t\t        <div class=\"image-widget\">\n            <div class=\"image-container image-style-default\">\n                <img decoding=\"async\" class=\"main-image\" src=\"https:\/\/www.abunda.plus\/wp-content\/uploads\/2023\/01\/Abunda_Plus_Logo.png\" alt=\"\" \/>\n                            <\/div>\n        <\/div>\n        \t\t<\/div>\n\t\t\t\t<\/div>\n\t\t\t\t<\/div>\n\t\t<div class=\"elementor-element elementor-element-6df80d7 e-con-full e-con\" data-id=\"6df80d7\" data-element_type=\"container\" data-settings=\"{&quot;content_width&quot;:&quot;full&quot;}\">\n\t\t\t\t<div class=\"elementor-element elementor-element-d3da9eb elementor-widget-laptop__width-initial elementor-widget elementor-widget-agrarium_heading\" data-id=\"d3da9eb\" data-element_type=\"widget\" data-widget_type=\"agrarium_heading.default\">\n\t\t\t\t<div class=\"elementor-widget-container\">\n\t\t\t<div class=\"agrarium-heading-widget\"><h2 class=\"agrarium-heading\"><span class=\"agrarium-heading-content\">Compa\u00f1\u00eda<\/span><\/h2><\/div>\t\t<\/div>\n\t\t\t\t<\/div>\n\t\t\t\t<div class=\"elementor-element elementor-element-234cc90 elementor-widget elementor-widget-text-editor\" data-id=\"234cc90\" data-element_type=\"widget\" data-widget_type=\"text-editor.default\">\n\t\t\t\t<div class=\"elementor-widget-container\">\n\t\t\t<style>\/*! elementor - v3.11.1 - 15-02-2023 *\/\n.elementor-widget-text-editor.elementor-drop-cap-view-stacked .elementor-drop-cap{background-color:#818a91;color:#fff}.elementor-widget-text-editor.elementor-drop-cap-view-framed .elementor-drop-cap{color:#818a91;border:3px solid;background-color:transparent}.elementor-widget-text-editor:not(.elementor-drop-cap-view-default) .elementor-drop-cap{margin-top:8px}.elementor-widget-text-editor:not(.elementor-drop-cap-view-default) .elementor-drop-cap-letter{width:1em;height:1em}.elementor-widget-text-editor .elementor-drop-cap{float:left;text-align:center;line-height:1;font-size:50px}.elementor-widget-text-editor .elementor-drop-cap-letter{display:inline-block}<\/style>\t\t\t\t<p><span class=\"NormalTextRun SpellingErrorV2Themed SCXW12172159 BCX4\">abunda<\/span><span class=\"NormalTextRun SCXW12172159 BCX4\">+ es una empresa que nace comprometida con el desarrollo de soluciones tecnol\u00f3gicas que permitan a las organizaciones de producci\u00f3n org\u00e1nica o socialmente responsable organizar sus procesos de pre- y post certificaci\u00f3n, profesionalizar su documentaci\u00f3n, as\u00ed como permitirles contar con aplicaciones modernas y a la vez sencillas al alcance de sus recursos y acordes al sector. Bajo esta condici\u00f3n desarrollamos las herramientas que contribuyan a formar organizaciones de productores profesionales con sistemas competentes y eficientes.<\/span><\/p>\t\t\t\t\t\t<\/div>\n\t\t\t\t<\/div>\n\t\t\t\t<\/div>\n\t\t\t\t\t<\/div>\n\t\t\t\t<\/div>\n\t\t<div class=\"elementor-element elementor-element-3744a3d e-con-boxed e-con\" data-id=\"3744a3d\" data-element_type=\"container\" data-settings=\"{&quot;content_width&quot;:&quot;boxed&quot;}\">\n\t\t\t\t\t<div class=\"e-con-inner\">\n\t\t\t\t<div class=\"elementor-element elementor-element-6f0d17f elementor-widget elementor-widget-spacer\" data-id=\"6f0d17f\" data-element_type=\"widget\" data-widget_type=\"spacer.default\">\n\t\t\t\t<div class=\"elementor-widget-container\">\n\t\t\t\t\t<div class=\"elementor-spacer\">\n\t\t\t<div class=\"elementor-spacer-inner\"><\/div>\n\t\t<\/div>\n\t\t\t\t<\/div>\n\t\t\t\t<\/div>\n\t\t\t\t\t<\/div>\n\t\t\t\t<\/div>\n\t\t<div class=\"elementor-element elementor-element-0548153 e-con-boxed e-con\" data-id=\"0548153\" data-element_type=\"container\" data-settings=\"{&quot;content_width&quot;:&quot;boxed&quot;}\">\n\t\t\t\t\t<div class=\"e-con-inner\">\n\t\t<div class=\"elementor-element elementor-element-6afa5e6 e-con-full e-con\" data-id=\"6afa5e6\" data-element_type=\"container\" data-settings=\"{&quot;content_width&quot;:&quot;full&quot;}\">\n\t\t\t\t<div class=\"elementor-element elementor-element-5946365 scroll-motion-no elementor-widget elementor-widget-agrarium_image\" data-id=\"5946365\" data-element_type=\"widget\" data-widget_type=\"agrarium_image.default\">\n\t\t\t\t<div class=\"elementor-widget-container\">\n\t\t\t        <div class=\"image-widget\">\n            <div class=\"image-container image-style-default\">\n                <img decoding=\"async\" class=\"main-image\" src=\"https:\/\/www.abunda.plus\/wp-content\/uploads\/2023\/08\/milestones.png\" alt=\"\" \/>\n                            <\/div>\n        <\/div>\n        \t\t<\/div>\n\t\t\t\t<\/div>\n\t\t\t\t<\/div>\n\t\t<div class=\"elementor-element elementor-element-cebe6d4 e-con-full e-con\" data-id=\"cebe6d4\" data-element_type=\"container\" data-settings=\"{&quot;content_width&quot;:&quot;full&quot;}\">\n\t\t\t\t<div class=\"elementor-element elementor-element-1c0a3c8 elementor-widget elementor-widget-agrarium_heading\" data-id=\"1c0a3c8\" data-element_type=\"widget\" data-widget_type=\"agrarium_heading.default\">\n\t\t\t\t<div class=\"elementor-widget-container\">\n\t\t\t<div class=\"agrarium-heading-widget\"><h2 class=\"agrarium-heading\"><span class=\"agrarium-heading-content\">Misi\u00f3n<\/span><\/h2><\/div>\t\t<\/div>\n\t\t\t\t<\/div>\n\t\t\t\t<div class=\"elementor-element elementor-element-e52e3f6 elementor-widget elementor-widget-text-editor\" data-id=\"e52e3f6\" data-element_type=\"widget\" data-widget_type=\"text-editor.default\">\n\t\t\t\t<div class=\"elementor-widget-container\">\n\t\t\t\t\t\t\t<p><span class=\"TextRun SCXW35120898 BCX4\" lang=\"EN-US\" xml:lang=\"EN-US\" data-contrast=\"none\"><span class=\"NormalTextRun SpellingErrorV2Themed SpellingErrorHighlight SCXW35120898 BCX4\">Desarrollar<\/span> <span class=\"NormalTextRun SCXW35120898 BCX4\">un <\/span><span class=\"NormalTextRun SpellingErrorV2Themed SCXW35120898 BCX4\">sistema<\/span> <span class=\"NormalTextRun SCXW35120898 BCX4\">flexible que <\/span><span class=\"NormalTextRun SpellingErrorV2Themed SCXW35120898 BCX4\">pueda<\/span><span class=\"NormalTextRun SCXW35120898 BCX4\"> ser <\/span><span class=\"NormalTextRun SpellingErrorV2Themed SCXW35120898 BCX4\">ad<\/span><span class=\"NormalTextRun SpellingErrorV2Themed SCXW35120898 BCX4\">a<\/span><span class=\"NormalTextRun SpellingErrorV2Themed SCXW35120898 BCX4\">ptado<\/span> <span class=\"NormalTextRun SpellingErrorV2Themed SCXW35120898 BCX4\">por<\/span> <span class=\"NormalTextRun SpellingErrorV2Themed SCXW35120898 BCX4\">el<\/span> <span class=\"NormalTextRun SpellingErrorV2Themed SCXW35120898 BCX4\">cliente<\/span><span class=\"NormalTextRun SCXW35120898 BCX4\"> a <\/span><span class=\"NormalTextRun SpellingErrorV2Themed SCXW35120898 BCX4\">su<\/span> <span class=\"NormalTextRun SpellingErrorV2Themed SCXW35120898 BCX4\">necesidad<\/span><span class=\"NormalTextRun SCXW35120898 BCX4\">, <\/span><span class=\"NormalTextRun SCXW35120898 BCX4\">a <\/span><span class=\"NormalTextRun SCXW35120898 BCX4\">un <\/span><span class=\"NormalTextRun SpellingErrorV2Themed SCXW35120898 BCX4\">precio<\/span> <span class=\"NormalTextRun SpellingErrorV2Themed SCXW35120898 BCX4\">razonable<\/span><span class=\"NormalTextRun SCXW35120898 BCX4\"> y de <\/span><span class=\"NormalTextRun SpellingErrorV2Themed SCXW35120898 BCX4\">acuerdo<\/span><span class=\"NormalTextRun SCXW35120898 BCX4\"> a la <\/span><span class=\"NormalTextRun SpellingErrorV2Themed SCXW35120898 BCX4\">realidad<\/span><span class=\"NormalTextRun SCXW35120898 BCX4\"> de <\/span><span class=\"NormalTextRun SpellingErrorV2Themed SCXW35120898 BCX4\">los<\/span> <span class=\"NormalTextRun SpellingErrorV2Themed SCXW35120898 BCX4\">clientes<\/span><span class=\"NormalTextRun SCXW35120898 BCX4\"> y <\/span><span class=\"NormalTextRun SpellingErrorV2Themed SCXW35120898 BCX4\">el<\/span><span class=\"NormalTextRun SCXW35120898 BCX4\"> sector, <\/span><span class=\"NormalTextRun SpellingErrorV2Themed SCXW35120898 BCX4\">p<\/span><span class=\"NormalTextRun SpellingErrorV2Themed SCXW35120898 BCX4\">ermitir<\/span><span class=\"NormalTextRun SCXW35120898 BCX4\"> a las <\/span><span class=\"NormalTextRun SpellingErrorV2Themed SCXW35120898 BCX4\">peque\u00f1as<\/span><span class=\"NormalTextRun SCXW35120898 BCX4\"> y <\/span><span class=\"NormalTextRun SpellingErrorV2Themed SCXW35120898 BCX4\">medianas<\/span> <span class=\"NormalTextRun SpellingErrorV2Themed SCXW35120898 BCX4\">cooperativas<\/span><span class=\"NormalTextRun SCXW35120898 BCX4\"> y <\/span><span class=\"NormalTextRun SpellingErrorV2Themed SCXW35120898 BCX4\">empresas<\/span> <span class=\"NormalTextRun SpellingErrorV2Themed SCXW35120898 BCX4\">competir<\/span><span class=\"NormalTextRun SCXW35120898 BCX4\"> con las <\/span><span class=\"NormalTextRun SpellingErrorV2Themed SCXW35120898 BCX4\">grandes<\/span> <span class=\"NormalTextRun SpellingErrorV2Themed SCXW35120898 BCX4\">corporaciones<\/span> <span class=\"NormalTextRun SpellingErrorV2Themed SCXW35120898 BCX4\">en<\/span> <span class=\"NormalTextRun SpellingErrorV2Themed SCXW35120898 BCX4\">t\u00e9rminos<\/span><span class=\"NormalTextRun SCXW35120898 BCX4\"> de <\/span><span class=\"NormalTextRun SpellingErrorV2Themed SCXW35120898 BCX4\">tecnolog\u00eda<\/span><span class=\"NormalTextRun SCXW35120898 BCX4\"> y <\/span><span class=\"NormalTextRun SpellingErrorV2Themed SCXW35120898 BCX4\">eficiencia<\/span><span class=\"NormalTextRun SCXW35120898 BCX4\">.<\/span><\/span><\/p>\t\t\t\t\t\t<\/div>\n\t\t\t\t<\/div>\n\t\t\t\t<\/div>\n\t\t\t\t\t<\/div>\n\t\t\t\t<\/div>\n\t\t<div class=\"elementor-element elementor-element-eff79be e-con-boxed e-con\" data-id=\"eff79be\" data-element_type=\"container\" data-settings=\"{&quot;content_width&quot;:&quot;boxed&quot;}\">\n\t\t\t\t\t<div class=\"e-con-inner\">\n\t\t\t\t<div class=\"elementor-element elementor-element-9d0d9fc elementor-widget elementor-widget-spacer\" data-id=\"9d0d9fc\" data-element_type=\"widget\" data-widget_type=\"spacer.default\">\n\t\t\t\t<div class=\"elementor-widget-container\">\n\t\t\t\t\t<div class=\"elementor-spacer\">\n\t\t\t<div class=\"elementor-spacer-inner\"><\/div>\n\t\t<\/div>\n\t\t\t\t<\/div>\n\t\t\t\t<\/div>\n\t\t\t\t\t<\/div>\n\t\t\t\t<\/div>\n\t\t<div class=\"elementor-element elementor-element-6bc776f e-con-boxed e-con\" data-id=\"6bc776f\" data-element_type=\"container\" data-settings=\"{&quot;content_width&quot;:&quot;boxed&quot;}\">\n\t\t\t\t\t<div class=\"e-con-inner\">\n\t\t<div class=\"elementor-element elementor-element-e4d5b01 e-con-full e-con\" data-id=\"e4d5b01\" data-element_type=\"container\" data-settings=\"{&quot;content_width&quot;:&quot;full&quot;}\">\n\t\t\t\t<div class=\"elementor-element elementor-element-00d7c16 scroll-motion-no elementor-widget elementor-widget-image\" data-id=\"00d7c16\" data-element_type=\"widget\" data-widget_type=\"image.default\">\n\t\t\t\t<div class=\"elementor-widget-container\">\n\t\t\t<style>\/*! elementor - v3.11.1 - 15-02-2023 *\/\n.elementor-widget-image{text-align:center}.elementor-widget-image a{display:inline-block}.elementor-widget-image a img[src$=\".svg\"]{width:48px}.elementor-widget-image img{vertical-align:middle;display:inline-block}<\/style>\t\t\t\t\t\t\t\t\t\t\t\t<img loading=\"lazy\" decoding=\"async\" width=\"256\" height=\"256\" src=\"https:\/\/www.abunda.plus\/wp-content\/uploads\/2023\/08\/binoculars.png\" class=\"attachment-large size-large wp-image-21966\" alt=\"\" srcset=\"https:\/\/www.abunda.plus\/wp-content\/uploads\/2023\/08\/binoculars.png 256w, https:\/\/www.abunda.plus\/wp-content\/uploads\/2023\/08\/binoculars-150x150.png 150w\" sizes=\"auto, (max-width: 256px) 100vw, 256px\" \/>\t\t\t\t\t\t\t\t\t\t\t\t\t\t\t<\/div>\n\t\t\t\t<\/div>\n\t\t\t\t<\/div>\n\t\t<div class=\"elementor-element elementor-element-648bc71 e-con-full e-con\" data-id=\"648bc71\" data-element_type=\"container\" data-settings=\"{&quot;content_width&quot;:&quot;full&quot;}\">\n\t\t\t\t<div class=\"elementor-element elementor-element-23fbc8a elementor-widget elementor-widget-agrarium_heading\" data-id=\"23fbc8a\" data-element_type=\"widget\" data-widget_type=\"agrarium_heading.default\">\n\t\t\t\t<div class=\"elementor-widget-container\">\n\t\t\t<div class=\"agrarium-heading-widget\"><h2 class=\"agrarium-heading\"><span class=\"agrarium-heading-content\">Vision<\/span><\/h2><\/div>\t\t<\/div>\n\t\t\t\t<\/div>\n\t\t\t\t<div class=\"elementor-element elementor-element-3896473 elementor-widget elementor-widget-text-editor\" data-id=\"3896473\" data-element_type=\"widget\" data-widget_type=\"text-editor.default\">\n\t\t\t\t<div class=\"elementor-widget-container\">\n\t\t\t\t\t\t\t<p>abunda+ prev\u00e9 ser un aliado infalible para todas las organizaciones del sector agroalimentario certificado que busquen mejorar la estructura y los procesos de sus operaciones, as\u00ed como mejorar su presentaci\u00f3n empresarial ante las empresas nacionales e internacionales. Queremos convertirnos en la norma del sector por su facilidad de uso, flexibilidad y asequibilidad.<\/p>\n\t\t\t\t\t\t<\/div>\n\t\t\t\t<\/div>\n\t\t\t\t<\/div>\n\t\t\t\t\t<\/div>\n\t\t\t\t<\/div>\n\t\t<div class=\"elementor-element elementor-element-79df4cd e-con-boxed e-con\" data-id=\"79df4cd\" data-element_type=\"container\" data-settings=\"{&quot;content_width&quot;:&quot;boxed&quot;}\">\n\t\t\t\t\t<div class=\"e-con-inner\">\n\t\t\t\t<div class=\"elementor-element elementor-element-2d6dd42 elementor-widget elementor-widget-spacer\" data-id=\"2d6dd42\" data-element_type=\"widget\" data-widget_type=\"spacer.default\">\n\t\t\t\t<div class=\"elementor-widget-container\">\n\t\t\t\t\t<div class=\"elementor-spacer\">\n\t\t\t<div class=\"elementor-spacer-inner\"><\/div>\n\t\t<\/div>\n\t\t\t\t<\/div>\n\t\t\t\t<\/div>\n\t\t\t\t\t<\/div>\n\t\t\t\t<\/div>\n\t\t\t\t\t\t\t<\/div>\n\t\t","protected":false},"excerpt":{"rendered":"<p>abunda+ es una empresa que nace comprometida con el desarrollo de soluciones tecnol\u00f3gicas que permitan a las organizaciones de producci\u00f3n org\u00e1nica o socialmente responsable organizar sus procesos de pre- y post certificaci\u00f3n, profesionalizar su documentaci\u00f3n, as\u00ed como permitirles contar con aplicaciones&#8230;<\/p>\n","protected":false},"author":3,"featured_media":0,"parent":0,"menu_order":0,"comment_status":"closed","ping_status":"closed","template":"","meta":{"footnotes":""},"class_list":["post-21986","page","type-page","status-publish","hentry"],"_links":{"self":[{"href":"https:\/\/www.abunda.plus\/es\/wp-json\/wp\/v2\/pages\/21986","targetHints":{"allow":["GET"]}}],"collection":[{"href":"https:\/\/www.abunda.plus\/es\/wp-json\/wp\/v2\/pages"}],"about":[{"href":"https:\/\/www.abunda.plus\/es\/wp-json\/wp\/v2\/types\/page"}],"author":[{"embeddable":true,"href":"https:\/\/www.abunda.plus\/es\/wp-json\/wp\/v2\/users\/3"}],"replies":[{"embeddable":true,"href":"https:\/\/www.abunda.plus\/es\/wp-json\/wp\/v2\/comments?post=21986"}],"version-history":[{"count":12,"href":"https:\/\/www.abunda.plus\/es\/wp-json\/wp\/v2\/pages\/21986\/revisions"}],"predecessor-version":[{"id":22906,"href":"https:\/\/www.abunda.plus\/es\/wp-json\/wp\/v2\/pages\/21986\/revisions\/22906"}],"wp:attachment":[{"href":"https:\/\/www.abunda.plus\/es\/wp-json\/wp\/v2\/media?parent=21986"}],"curies":[{"name":"wp","href":"https:\/\/api.w.org\/{rel}","templated":true}]}}