{"id":21215,"date":"2023-02-10T01:17:14","date_gmt":"2023-02-10T01:17:14","guid":{"rendered":"https:\/\/www.abunda.plus\/descargo-de-responsabilidad\/"},"modified":"2025-01-29T12:04:19","modified_gmt":"2025-01-29T12:04:19","slug":"descargo-de-responsabilidad","status":"publish","type":"page","link":"https:\/\/www.abunda.plus\/es\/descargo-de-responsabilidad\/","title":{"rendered":"Exenci\u00f3n de responsabilidad"},"content":{"rendered":"\t\t<div data-elementor-type=\"wp-page\" data-elementor-id=\"21215\" class=\"elementor elementor-21215 elementor-22030\">\n\t\t\t\t\t\t\t<div class=\"elementor-element elementor-element-c17853e e-con-boxed e-con\" data-id=\"c17853e\" data-element_type=\"container\" data-settings=\"{&quot;content_width&quot;:&quot;boxed&quot;}\">\n\t\t\t\t\t<div class=\"e-con-inner\">\n\t\t\t\t<div class=\"elementor-element elementor-element-5956aa5 elementor-widget elementor-widget-text-editor\" data-id=\"5956aa5\" data-element_type=\"widget\" data-widget_type=\"text-editor.default\">\n\t\t\t\t<div class=\"elementor-widget-container\">\n\t\t\t<style>\/*! elementor - v3.11.1 - 15-02-2023 *\/\n.elementor-widget-text-editor.elementor-drop-cap-view-stacked .elementor-drop-cap{background-color:#818a91;color:#fff}.elementor-widget-text-editor.elementor-drop-cap-view-framed .elementor-drop-cap{color:#818a91;border:3px solid;background-color:transparent}.elementor-widget-text-editor:not(.elementor-drop-cap-view-default) .elementor-drop-cap{margin-top:8px}.elementor-widget-text-editor:not(.elementor-drop-cap-view-default) .elementor-drop-cap-letter{width:1em;height:1em}.elementor-widget-text-editor .elementor-drop-cap{float:left;text-align:center;line-height:1;font-size:50px}.elementor-widget-text-editor .elementor-drop-cap-letter{display:inline-block}<\/style>\t\t\t\t<h3>Exenci\u00f3n de responsabilidad<\/h3>\n<p><strong>\u00daltima actualizaci\u00f3n: 09 de febrero de 2023<\/strong><\/p>\n<p>Interpretaci\u00f3n y definiciones<br>Interpretaci\u00f3n<br>Las palabras cuya letra inicial va en may\u00fascula tienen significados definidos en las siguientes condiciones. Las siguientes definiciones tendr\u00e1n el mismo significado independientemente de que aparezcan en singular o en plural.<br>Definiciones<br>A efectos de la presente cl\u00e1usula de exenci\u00f3n de responsabilidad:<br>&#8211; Empresa (denominada \u00abla Empresa\u00bb, \u00abNosotros\u00bb, \u00abNos\u00bb, \u00abNos\u00bb o \u00abNuestro\u00bb en este Aviso Legal) se refiere a abunda.plus, C\/ Domingo Guerra del R\u00edo 65, Las Palmas de Gran Canaria.<br>&#8211; Servicio se refiere al Sitio Web.<br>&#8211; Usted es la persona f\u00edsica que accede al Servicio, o la empresa u otra entidad jur\u00eddica en nombre de la cual dicha persona f\u00edsica accede o utiliza el Servicio, seg\u00fan corresponda.<br>&#8211; El sitio web hace referencia a abunda+, accesible desde abunda.plus<br>Exenci\u00f3n de responsabilidad<br>La informaci\u00f3n contenida en el Servicio tiene \u00fanicamente fines informativos generales.<br>La Empresa no asume responsabilidad alguna por errores u omisiones en el contenido del Servicio.<br>En ning\u00fan caso la Compa\u00f1\u00eda ser\u00e1 responsable de ning\u00fan da\u00f1o especial, directo, indirecto, consecuente o incidental o de cualquier da\u00f1o, ya sea en una acci\u00f3n de contrato, negligencia u otro agravio, que surja de o en conexi\u00f3n con el uso del Servicio o los contenidos del Servicio. La Empresa se reserva el derecho de a\u00f1adir, suprimir o modificar el contenido del Servicio en cualquier momento y sin previo aviso. Esta cl\u00e1usula de exenci\u00f3n de responsabilidad se ha creado con la ayuda del Generador de cl\u00e1usulas de exenci\u00f3n de responsabilidad.<br>La Empresa no garantiza que el Servicio est\u00e9 libre de virus u otros componentes da\u00f1inos.<br>Enlaces externos Descargo de responsabilidad<br>El Servicio puede contener enlaces a sitios web externos que no son proporcionados ni mantenidos por la Empresa ni est\u00e1n afiliados a ella en modo alguno.<br>Tenga en cuenta que la Empresa no garantiza la exactitud, pertinencia, actualidad o exhaustividad de la informaci\u00f3n contenida en estos sitios web externos.<br>Descargo de responsabilidad por errores y omisiones<br>La informaci\u00f3n facilitada por el Servicio tiene car\u00e1cter meramente informativo. Aunque la Empresa toma todas las precauciones necesarias para garantizar que el contenido del Servicio es actual y exacto, pueden producirse errores. Adem\u00e1s, dada la naturaleza cambiante de las leyes, normas y reglamentos, puede haber retrasos, omisiones o inexactitudes en la informaci\u00f3n contenida en el Servicio.<br>La Empresa no se hace responsable de los errores u omisiones, ni de los resultados obtenidos por el uso de esta informaci\u00f3n.<br>Exenci\u00f3n de responsabilidad por uso leal<br>La Empresa puede utilizar material protegido por derechos de autor que no siempre haya sido espec\u00edficamente autorizado por el propietario de dichos derechos. La empresa pone este material a disposici\u00f3n de la cr\u00edtica, el comentario, la informaci\u00f3n period\u00edstica, la ense\u00f1anza, la erudici\u00f3n o la investigaci\u00f3n.<br>La empresa considera que esto constituye un \u00abuso justo\u00bb de dicho material protegido por derechos de autor en el sentido de la Secci\u00f3n 107 de la Ley de Derechos de Autor de Estados Unidos.<br>Si desea utilizar material protegido por derechos de autor del Servicio para sus propios fines m\u00e1s all\u00e1 del uso leg\u00edtimo, debe obtener permiso del propietario de los derechos de autor.<br>Opiniones expresadas Descargo de responsabilidad<br>El Servicio puede contener puntos de vista y opiniones que son los de los autores y no reflejan necesariamente la pol\u00edtica o posici\u00f3n oficial de ning\u00fan otro autor, agencia, organizaci\u00f3n, empleador o empresa, incluida la Empresa.<br>Los comentarios publicados por los usuarios son de su exclusiva responsabilidad y los usuarios asumir\u00e1n toda responsabilidad, obligaci\u00f3n y responsabilidad por cualquier difamaci\u00f3n o litigio resultante de cualquier cosa escrita en o como resultado directo de cualquier cosa escrita en un comentario. La Empresa no se hace responsable de los comentarios publicados por los usuarios y se reserva el derecho a eliminarlos por cualquier motivo.<br>Exenci\u00f3n de responsabilidad<br>La informaci\u00f3n contenida en el Servicio se facilita en el entendimiento de que la Empresa no se dedica a prestar asesoramiento o servicios jur\u00eddicos, contables, fiscales o de otra \u00edndole profesional. Como tal, no debe utilizarse como sustituto de la consulta con asesores profesionales contables, fiscales, jur\u00eddicos u otros asesores competentes.<br>En ning\u00fan caso la Empresa o sus proveedores ser\u00e1n responsables de ning\u00fan da\u00f1o especial, incidental, indirecto o consecuente que surja de o en conexi\u00f3n con su acceso o uso o incapacidad de acceder o usar el Servicio.<br>\u00abDescargo de responsabilidad.<br>Toda la informaci\u00f3n del Servicio se proporciona \u00abtal cual\u00bb, sin garant\u00eda de integridad, exactitud, actualidad o de los resultados obtenidos del uso de esta informaci\u00f3n, y sin garant\u00eda de ning\u00fan tipo, expresa o impl\u00edcita, incluidas, entre otras, las garant\u00edas de rendimiento, comerciabilidad e idoneidad para un fin determinado.<br>La Empresa no ser\u00e1 responsable ante Usted ni ante ninguna otra persona por ninguna decisi\u00f3n tomada o acci\u00f3n emprendida bas\u00e1ndose en la informaci\u00f3n proporcionada por el Servicio, ni por ning\u00fan da\u00f1o consecuente, especial o similar, incluso si se hubiera advertido de la posibilidad de tales da\u00f1os.<br>P\u00f3ngase en contacto con<br>Si tiene alguna pregunta sobre esta cl\u00e1usula de exenci\u00f3n de responsabilidad, p\u00f3ngase en contacto con nosotros:<br>&#8211; Por correo electr\u00f3nico: info@abunda.plus<\/p>\n\t\t\t\t\t\t<\/div>\n\t\t\t\t<\/div>\n\t\t\t\t\t<\/div>\n\t\t\t\t<\/div>\n\t\t\t\t\t\t\t<\/div>\n\t\t","protected":false},"excerpt":{"rendered":"<p>Exenci\u00f3n de responsabilidad \u00daltima actualizaci\u00f3n: 09 de febrero de 2023 Interpretaci\u00f3n y definiciones Interpretaci\u00f3n Las palabras cuya letra inicial va en may\u00fascula tienen significados definidos en las siguientes condiciones. Las siguientes definiciones tendr\u00e1n el mismo significado independientemente de que aparezcan en&#8230;<\/p>\n","protected":false},"author":1,"featured_media":0,"parent":0,"menu_order":0,"comment_status":"closed","ping_status":"closed","template":"","meta":{"footnotes":""},"class_list":["post-21215","page","type-page","status-publish","hentry"],"_links":{"self":[{"href":"https:\/\/www.abunda.plus\/es\/wp-json\/wp\/v2\/pages\/21215","targetHints":{"allow":["GET"]}}],"collection":[{"href":"https:\/\/www.abunda.plus\/es\/wp-json\/wp\/v2\/pages"}],"about":[{"href":"https:\/\/www.abunda.plus\/es\/wp-json\/wp\/v2\/types\/page"}],"author":[{"embeddable":true,"href":"https:\/\/www.abunda.plus\/es\/wp-json\/wp\/v2\/users\/1"}],"replies":[{"embeddable":true,"href":"https:\/\/www.abunda.plus\/es\/wp-json\/wp\/v2\/comments?post=21215"}],"version-history":[{"count":6,"href":"https:\/\/www.abunda.plus\/es\/wp-json\/wp\/v2\/pages\/21215\/revisions"}],"predecessor-version":[{"id":22127,"href":"https:\/\/www.abunda.plus\/es\/wp-json\/wp\/v2\/pages\/21215\/revisions\/22127"}],"wp:attachment":[{"href":"https:\/\/www.abunda.plus\/es\/wp-json\/wp\/v2\/media?parent=21215"}],"curies":[{"name":"wp","href":"https:\/\/api.w.org\/{rel}","templated":true}]}}