{"id":20419,"date":"2021-04-19T13:56:17","date_gmt":"2021-04-19T13:56:17","guid":{"rendered":"https:\/\/www.abunda.plus\/servicios\/"},"modified":"2025-01-08T17:54:15","modified_gmt":"2025-01-08T17:54:15","slug":"productos-2","status":"publish","type":"page","link":"https:\/\/www.abunda.plus\/es\/productos-2\/","title":{"rendered":"Productos"},"content":{"rendered":"\t\t<div data-elementor-type=\"wp-page\" data-elementor-id=\"20419\" class=\"elementor elementor-20419 elementor-178\">\n\t\t\t\t\t\t\t\t\t<section class=\"elementor-section elementor-top-section elementor-element elementor-element-61163989 elementor-section-boxed elementor-section-height-default elementor-section-height-default\" data-id=\"61163989\" data-element_type=\"section\">\n\t\t\t\t\t\t<div class=\"elementor-container elementor-column-gap-no\">\n\t\t\t\t\t<div class=\"elementor-column elementor-col-100 elementor-top-column elementor-element elementor-element-c3230fd\" data-id=\"c3230fd\" data-element_type=\"column\">\n\t\t\t<div class=\"elementor-widget-wrap elementor-element-populated\">\n\t\t\t\t\t\t\t\t<div class=\"elementor-element elementor-element-1f48e028 elementor-widget elementor-widget-agrarium_heading\" data-id=\"1f48e028\" data-element_type=\"widget\" data-widget_type=\"agrarium_heading.default\">\n\t\t\t\t<div class=\"elementor-widget-container\">\n\t\t\t<div class=\"agrarium-heading-widget\"><h2 class=\"agrarium-heading\"><span class=\"agrarium-subheading\">Welcome to abunda ICS<\/span><span class=\"agrarium-heading-content\">Internal Field Inspection\u00a0<\/span><\/h2><\/div>\t\t<\/div>\n\t\t\t\t<\/div>\n\t\t\t\t<section class=\"elementor-section elementor-inner-section elementor-element elementor-element-50e7ea56 elementor-section-boxed elementor-section-height-default elementor-section-height-default\" data-id=\"50e7ea56\" data-element_type=\"section\">\n\t\t\t\t\t\t<div class=\"elementor-container elementor-column-gap-extended\">\n\t\t\t\t\t<div class=\"elementor-column elementor-col-50 elementor-inner-column elementor-element elementor-element-36afcc2c\" data-id=\"36afcc2c\" data-element_type=\"column\">\n\t\t\t<div class=\"elementor-widget-wrap elementor-element-populated\">\n\t\t\t\t\t\t\t\t<div class=\"elementor-element elementor-element-396a96c scroll-motion-no elementor-widget elementor-widget-agrarium_image\" data-id=\"396a96c\" data-element_type=\"widget\" data-widget_type=\"agrarium_image.default\">\n\t\t\t\t<div class=\"elementor-widget-container\">\n\t\t\t        <div class=\"image-widget\">\n            <div class=\"image-container image-style-default\">\n                <img decoding=\"async\" class=\"main-image\" src=\"https:\/\/www.abunda.plus\/wp-content\/uploads\/2023\/01\/abunda-1-1.png\" alt=\"\" \/>\n                            <\/div>\n        <\/div>\n        \t\t<\/div>\n\t\t\t\t<\/div>\n\t\t\t\t\t<\/div>\n\t\t<\/div>\n\t\t\t\t<div class=\"elementor-column elementor-col-50 elementor-inner-column elementor-element elementor-element-69103770\" data-id=\"69103770\" data-element_type=\"column\">\n\t\t\t<div class=\"elementor-widget-wrap elementor-element-populated\">\n\t\t\t\t\t\t\t\t<div class=\"elementor-element elementor-element-fb7bc10 elementor-widget elementor-widget-heading\" data-id=\"fb7bc10\" data-element_type=\"widget\" data-widget_type=\"heading.default\">\n\t\t\t\t<div class=\"elementor-widget-container\">\n\t\t\t<style>\/*! elementor - v3.11.1 - 15-02-2023 *\/\n.elementor-heading-title{padding:0;margin:0;line-height:1}.elementor-widget-heading .elementor-heading-title[class*=elementor-size-]>a{color:inherit;font-size:inherit;line-height:inherit}.elementor-widget-heading .elementor-heading-title.elementor-size-small{font-size:15px}.elementor-widget-heading .elementor-heading-title.elementor-size-medium{font-size:19px}.elementor-widget-heading .elementor-heading-title.elementor-size-large{font-size:29px}.elementor-widget-heading .elementor-heading-title.elementor-size-xl{font-size:39px}.elementor-widget-heading .elementor-heading-title.elementor-size-xxl{font-size:59px}<\/style><h4 class=\"elementor-heading-title elementor-size-default\">\u00bfQu\u00e9 es abunda ICS?<\/h4>\t\t<\/div>\n\t\t\t\t<\/div>\n\t\t\t\t<div class=\"elementor-element elementor-element-7fbd6c9 elementor-widget elementor-widget-text-editor\" data-id=\"7fbd6c9\" data-element_type=\"widget\" data-widget_type=\"text-editor.default\">\n\t\t\t\t<div class=\"elementor-widget-container\">\n\t\t\t<style>\/*! elementor - v3.11.1 - 15-02-2023 *\/\n.elementor-widget-text-editor.elementor-drop-cap-view-stacked .elementor-drop-cap{background-color:#818a91;color:#fff}.elementor-widget-text-editor.elementor-drop-cap-view-framed .elementor-drop-cap{color:#818a91;border:3px solid;background-color:transparent}.elementor-widget-text-editor:not(.elementor-drop-cap-view-default) .elementor-drop-cap{margin-top:8px}.elementor-widget-text-editor:not(.elementor-drop-cap-view-default) .elementor-drop-cap-letter{width:1em;height:1em}.elementor-widget-text-editor .elementor-drop-cap{float:left;text-align:center;line-height:1;font-size:50px}.elementor-widget-text-editor .elementor-drop-cap-letter{display:inline-block}<\/style>\t\t\t\t<p>abunda es un sistema desarrollado para facilitar la preparaci\u00f3n hacia la certificaci\u00f3n, organizando de forma profesional y eficaz el sistema de control interno de los grupos o cooperativas de productos ecol\u00f3gicos y otras normas.<\/p>\n<p>A trav\u00e9s de su m\u00f3dulo de inspecci\u00f3n interna <strong>abunda ICS<\/strong> App, se pueden realizar inspecciones de campo de forma f\u00e1cil, did\u00e1ctica y profesional, registrando todo tipo de informaci\u00f3n de sus miembros durante el recorrido incluso sin conexi\u00f3n a la red de internet.<\/p>\n<p>Abunda ICS pretende ser el aliado n\u00famero uno de las cooperativas y grupos en su reto como organizaci\u00f3n para conseguir la certificaci\u00f3n cumpliendo los requisitos de los organismos de control.<\/p>\n\t\t\t\t\t\t<\/div>\n\t\t\t\t<\/div>\n\t\t\t\t\t<\/div>\n\t\t<\/div>\n\t\t\t\t\t\t\t<\/div>\n\t\t<\/section>\n\t\t\t\t\t<\/div>\n\t\t<\/div>\n\t\t\t\t\t\t\t<\/div>\n\t\t<\/section>\n\t\t<div class=\"elementor-element elementor-element-8b24ebe e-con-boxed e-con\" data-id=\"8b24ebe\" data-element_type=\"container\" data-settings=\"{&quot;content_width&quot;:&quot;boxed&quot;}\">\n\t\t\t\t\t<div class=\"e-con-inner\">\n\t\t\t\t<div class=\"elementor-element elementor-element-9e00c80 elementor-widget__width-initial elementor-widget elementor-widget-agrarium_image\" data-id=\"9e00c80\" data-element_type=\"widget\" data-widget_type=\"agrarium_image.default\">\n\t\t\t\t<div class=\"elementor-widget-container\">\n\t\t\t        <div class=\"image-widget\">\n            <div class=\"image-container image-style-default\">\n                <img loading=\"lazy\" decoding=\"async\" class=\"main-image\" src=\"\" alt=\"\" width=\"0\" height=\"0\" \/>\n                            <\/div>\n        <\/div>\n        \t\t<\/div>\n\t\t\t\t<\/div>\n\t\t\t\t\t<\/div>\n\t\t\t\t<\/div>\n\t\t\t\t<section class=\"elementor-section elementor-top-section elementor-element elementor-element-6b717700 elementor-section-boxed elementor-section-height-default elementor-section-height-default\" data-id=\"6b717700\" data-element_type=\"section\" id=\"about\" data-settings=\"{&quot;animation&quot;:&quot;none&quot;}\">\n\t\t\t\t\t\t<div class=\"elementor-container elementor-column-gap-extended\">\n\t\t\t\t\t<div class=\"elementor-column elementor-col-50 elementor-top-column elementor-element elementor-element-5fefbafb\" data-id=\"5fefbafb\" data-element_type=\"column\">\n\t\t\t<div class=\"elementor-widget-wrap elementor-element-populated\">\n\t\t\t\t\t\t\t\t<div class=\"elementor-element elementor-element-2b028f11 elementor-widget__width-auto scroll-motion-no elementor-invisible elementor-widget elementor-widget-image\" data-id=\"2b028f11\" data-element_type=\"widget\" data-settings=\"{&quot;_animation&quot;:&quot;ta_under_strips&quot;,&quot;_animation_laptop&quot;:&quot;none&quot;}\" data-widget_type=\"image.default\">\n\t\t\t\t<div class=\"elementor-widget-container\">\n\t\t\t<style>\/*! elementor - v3.11.1 - 15-02-2023 *\/\n.elementor-widget-image{text-align:center}.elementor-widget-image a{display:inline-block}.elementor-widget-image a img[src$=\".svg\"]{width:48px}.elementor-widget-image img{vertical-align:middle;display:inline-block}<\/style>\t\t\t\t\t\t\t\t\t\t\t\t<img loading=\"lazy\" decoding=\"async\" width=\"920\" height=\"780\" src=\"https:\/\/www.abunda.plus\/wp-content\/uploads\/2023\/01\/DJI_20221202_120936_921_video.00_13_59_57.Standbild020-920x780.jpg\" class=\"attachment-agrarium_post_grid_2_columns size-agrarium_post_grid_2_columns wp-image-20322\" alt=\"\" srcset=\"https:\/\/www.abunda.plus\/wp-content\/uploads\/2023\/01\/DJI_20221202_120936_921_video.00_13_59_57.Standbild020-920x780.jpg 920w, https:\/\/www.abunda.plus\/wp-content\/uploads\/2023\/01\/DJI_20221202_120936_921_video.00_13_59_57.Standbild020-440x374.jpg 440w, https:\/\/www.abunda.plus\/wp-content\/uploads\/2023\/01\/DJI_20221202_120936_921_video.00_13_59_57.Standbild020-344x292.jpg 344w, https:\/\/www.abunda.plus\/wp-content\/uploads\/2023\/01\/DJI_20221202_120936_921_video.00_13_59_57.Standbild020-280x238.jpg 280w\" sizes=\"auto, (max-width: 920px) 100vw, 920px\" \/>\t\t\t\t\t\t\t\t\t\t\t\t\t\t\t<\/div>\n\t\t\t\t<\/div>\n\t\t\t\t\t<\/div>\n\t\t<\/div>\n\t\t\t\t<div class=\"elementor-column elementor-col-50 elementor-top-column elementor-element elementor-element-1de672c1\" data-id=\"1de672c1\" data-element_type=\"column\">\n\t\t\t<div class=\"elementor-widget-wrap elementor-element-populated\">\n\t\t\t\t\t\t\t\t<div class=\"elementor-element elementor-element-72fda56f elementor-widget elementor-widget-agrarium_heading\" data-id=\"72fda56f\" data-element_type=\"widget\" data-widget_type=\"agrarium_heading.default\">\n\t\t\t\t<div class=\"elementor-widget-container\">\n\t\t\t<div class=\"agrarium-heading-widget\"><h6 class=\"agrarium-heading\"><span class=\"agrarium-heading-content\">Road towards Certification<\/span><\/h6><\/div>\t\t<\/div>\n\t\t\t\t<\/div>\n\t\t\t\t<div class=\"elementor-element elementor-element-48729b49 elementor-widget elementor-widget-text-editor\" data-id=\"48729b49\" data-element_type=\"widget\" data-widget_type=\"text-editor.default\">\n\t\t\t\t<div class=\"elementor-widget-container\">\n\t\t\t\t\t\t\t<p><strong>abunda ICS<\/strong> es una aplicaci\u00f3n digital desarrollada para facilitar el flujo de trabajo del inspector interno sobre el terreno, gracias a su configuraci\u00f3n independiente, permitir\u00e1 lograr la preparaci\u00f3n \u00f3ptima para la certificaci\u00f3n de grupo deseada.<\/p>\n<p>Con abunda App, el inspector interno podr\u00e1:<\/p>\n<ul>\n<li><span style=\"letter-spacing: 0em;\">Camina por el campo sin papel en la mano<\/span><\/li>\n<li>Introduce datos de la granja como cultivos, animales, elementos, etc.<\/li>\n<li>Introduce e informa instant\u00e1neamente de las no conformidades tomando fotos como prueba<\/li>\n<li>A\u00f1ade acciones correctivas<\/li>\n<li>Registra la ubicaci\u00f3n de la granja y los campos, etc.<\/li>\n<\/ul>\n\t\t\t\t\t\t<\/div>\n\t\t\t\t<\/div>\n\t\t\t\t<div class=\"elementor-element elementor-element-cccc77b elementor-widget elementor-widget-agrarium_video_button\" data-id=\"cccc77b\" data-element_type=\"widget\" data-settings=\"{&quot;video_type&quot;:&quot;youtube&quot;}\" data-widget_type=\"agrarium_video_button.default\">\n\t\t\t\t<div class=\"elementor-widget-container\">\n\t\t\t\n        <div class=\"agrarium_video_widget\">\n            <div class=\"agrarium_preview_container\">   \n                <a class=\"agrarium_video_trigger_button\" href=\"javascript:void(0)\">\n                    <span class=\"agrarium_button_icon\"><i class=\"icomoon-play\"><\/i><\/span>\n                                            <span class=\"agrarium_button_text\">Video<\/span>\n                                        <\/a>\n            <\/div>\n\n                            <div class=\"agrarium_video_container\">\n                    <div class=\"agrarium_close_popup_layer\">\n                        <div class=\"agrarium_close_button\">\n                            <svg viewBox=\"0 0 40 40\"><path d=\"M10,10 L30,30 M30,10 L10,30\"><\/path><\/svg>\n                        <\/div>\n                    <\/div>\n                    <div class=\"agrarium_video_wrapper\" data-src=\"https:\/\/www.youtube.com\/embed\/LycwQCYMJ-U\"><\/div>\n                <\/div>\n                        <\/div>\n        \t\t<\/div>\n\t\t\t\t<\/div>\n\t\t\t\t\t<\/div>\n\t\t<\/div>\n\t\t\t\t\t\t\t<\/div>\n\t\t<\/section>\n\t\t\t\t<section class=\"elementor-section elementor-top-section elementor-element elementor-element-36ee97f elementor-section-stretched elementor-reverse-tablet elementor-reverse-mobile elementor-section-boxed elementor-section-height-default elementor-section-height-default\" data-id=\"36ee97f\" data-element_type=\"section\" data-settings=\"{&quot;stretch_section&quot;:&quot;section-stretched&quot;,&quot;background_background&quot;:&quot;classic&quot;}\">\n\t\t\t\t\t\t<div class=\"elementor-container elementor-column-gap-wide\">\n\t\t\t\t\t<div class=\"elementor-column elementor-col-50 elementor-top-column elementor-element elementor-element-47ed0d56\" data-id=\"47ed0d56\" data-element_type=\"column\" data-settings=\"{&quot;animation&quot;:&quot;none&quot;}\">\n\t\t\t<div class=\"elementor-widget-wrap elementor-element-populated\">\n\t\t\t\t\t\t\t\t<div class=\"elementor-element elementor-element-293aa4a1 elementor-widget elementor-widget-agrarium_heading\" data-id=\"293aa4a1\" data-element_type=\"widget\" data-widget_type=\"agrarium_heading.default\">\n\t\t\t\t<div class=\"elementor-widget-container\">\n\t\t\t<div class=\"agrarium-heading-widget\"><h2 class=\"agrarium-heading\"><span class=\"agrarium-subheading\">News updates<\/span><span class=\"agrarium-heading-content\">New EU organic regulation for producers group<\/span><\/h2><\/div>\t\t<\/div>\n\t\t\t\t<\/div>\n\t\t\t\t<div class=\"elementor-element elementor-element-2f4b6d12 elementor-widget elementor-widget-text-editor\" data-id=\"2f4b6d12\" data-element_type=\"widget\" data-widget_type=\"text-editor.default\">\n\t\t\t\t<div class=\"elementor-widget-container\">\n\t\t\t\t\t\t\t<p style=\"text-align: left;\">El nuevo reglamento de la Uni\u00f3n Europea para la producci\u00f3n ecol\u00f3gica 2018\/848, que entra en vigor a partir de enero de 2022 para los operadores en Europa y para los operadores en terceros pa\u00edses a partir de enero de 2025, supondr\u00e1 un gran cambio en los procesos actuales de los productores ecol\u00f3gicos en terceros pa\u00edses.<\/p>\n\t\t\t\t\t\t<\/div>\n\t\t\t\t<\/div>\n\t\t\t\t<div class=\"elementor-element elementor-element-5785539b icon-position-left alignment-left elementor-widget elementor-widget-agrarium_icon_box\" data-id=\"5785539b\" data-element_type=\"widget\" data-widget_type=\"agrarium_icon_box.default\">\n\t\t\t\t<div class=\"elementor-widget-container\">\n\t\t\t\n        <div class=\"agrarium-icon-box-widget\">\n            <div class=\"icon-box-item\">\n\n                <div class=\"icon-container background-type-color\">\n                    <i class=\"fas fa-check\"><\/i>                <\/div>\n\n                <div class=\"content-container\">\n                                        <div class=\"icon-box-info\"><p>Operators will no longer be certified with the equivalent standard but with the conformity standard, which means more rigorous and detailed controls by the certification bodies.<\/p><\/div>                    \n                <\/div>\n            <\/div>\n        <\/div>\n        \t\t<\/div>\n\t\t\t\t<\/div>\n\t\t\t\t<div class=\"elementor-element elementor-element-399e7102 icon-position-left alignment-left elementor-widget elementor-widget-agrarium_icon_box\" data-id=\"399e7102\" data-element_type=\"widget\" data-widget_type=\"agrarium_icon_box.default\">\n\t\t\t\t<div class=\"elementor-widget-container\">\n\t\t\t\n        <div class=\"agrarium-icon-box-widget\">\n            <div class=\"icon-box-item\">\n\n                <div class=\"icon-container background-type-color\">\n                    <i class=\"fas fa-check\"><\/i>                <\/div>\n\n                <div class=\"content-container\">\n                                        <div class=\"icon-box-info\"><p>Your organization complies and has a perfectly organized ICS? In the new 2018\/848 standard, an optimal and guaranteed functionality of the internal control system is now very essential and crucial.<\/p><\/div>                    \n                <\/div>\n            <\/div>\n        <\/div>\n        \t\t<\/div>\n\t\t\t\t<\/div>\n\t\t\t\t<div class=\"elementor-element elementor-element-e358ec1 icon-position-left alignment-left elementor-widget elementor-widget-agrarium_icon_box\" data-id=\"e358ec1\" data-element_type=\"widget\" data-widget_type=\"agrarium_icon_box.default\">\n\t\t\t\t<div class=\"elementor-widget-container\">\n\t\t\t\n        <div class=\"agrarium-icon-box-widget\">\n            <div class=\"icon-box-item\">\n\n                <div class=\"icon-container background-type-color\">\n                    <i class=\"fas fa-check\"><\/i>                <\/div>\n\n                <div class=\"content-container\">\n                                        <div class=\"icon-box-info\">Does your organization need help by the preparation and professionalization of its internal control systems and inspection procedures? <a href=\"https:\/\/www.abunda.plus\/contacts\/\"><strong>click here<\/strong><\/a>.<\/div>                    \n                <\/div>\n            <\/div>\n        <\/div>\n        \t\t<\/div>\n\t\t\t\t<\/div>\n\t\t\t\t\t<\/div>\n\t\t<\/div>\n\t\t\t\t<div class=\"elementor-column elementor-col-50 elementor-top-column elementor-element elementor-element-4a3bff4b column-align-start\" data-id=\"4a3bff4b\" data-element_type=\"column\" data-settings=\"{&quot;background_background&quot;:&quot;classic&quot;,&quot;animation&quot;:&quot;none&quot;}\">\n\t\t\t<div class=\"elementor-widget-wrap elementor-element-populated\">\n\t\t\t\t\t\t\t\t<div class=\"elementor-element elementor-element-2b231335 elementor-widget__width-initial elementor-absolute elementor-widget-tablet__width-initial elementor-widget-laptop__width-initial elementor-element-valign-center elementor-widget elementor-widget-agrarium_banner\" data-id=\"2b231335\" data-element_type=\"widget\" data-settings=\"{&quot;_position&quot;:&quot;absolute&quot;}\" data-widget_type=\"agrarium_banner.default\">\n\t\t\t\t<div class=\"elementor-widget-container\">\n\t\t\t        \n        <div class=\"banner-widget banner-widget-type-1\">\n            <span class=\"banner-inner\"><span class=\"banner-bg\"><\/span><span class=\"banner-content\"><span class=\"banner-title\">2025<\/span><span class=\"banner-subtitle\">Ready for the changes?<\/span><\/span><\/span>        <\/div>\n        \t\t<\/div>\n\t\t\t\t<\/div>\n\t\t\t\t<div class=\"elementor-element elementor-element-6493451 scroll-motion-no elementor-widget elementor-widget-agrarium_image\" data-id=\"6493451\" data-element_type=\"widget\" data-widget_type=\"agrarium_image.default\">\n\t\t\t\t<div class=\"elementor-widget-container\">\n\t\t\t        <div class=\"image-widget\">\n            <div class=\"image-container image-style-default\">\n                <img decoding=\"async\" class=\"main-image\" src=\"https:\/\/www.abunda.plus\/wp-content\/uploads\/2021\/04\/rufus-o-dea-p3Loavrv6z8-unsplash-scaled-1.jpg\" alt=\"\" \/>\n                            <\/div>\n        <\/div>\n        \t\t<\/div>\n\t\t\t\t<\/div>\n\t\t\t\t\t<\/div>\n\t\t<\/div>\n\t\t\t\t\t\t\t<\/div>\n\t\t<\/section>\n\t\t\t\t<section class=\"elementor-section elementor-top-section elementor-element elementor-element-6379f39 elementor-section-full_width elementor-section-stretched elementor-section-height-default elementor-section-height-default\" data-id=\"6379f39\" data-element_type=\"section\" data-settings=\"{&quot;stretch_section&quot;:&quot;section-stretched&quot;,&quot;background_background&quot;:&quot;classic&quot;}\" data-e-bg-lazyload=\"\">\n\t\t\t\t\t\t<div class=\"elementor-container elementor-column-gap-no\">\n\t\t\t\t\t<div class=\"elementor-column elementor-col-100 elementor-top-column elementor-element elementor-element-e531004\" data-id=\"e531004\" data-element_type=\"column\">\n\t\t\t<div class=\"elementor-widget-wrap elementor-element-populated\">\n\t\t\t\t\t\t\t\t<section class=\"elementor-section elementor-inner-section elementor-element elementor-element-7323d6c elementor-section-boxed elementor-section-height-default elementor-section-height-default\" data-id=\"7323d6c\" data-element_type=\"section\">\n\t\t\t\t\t\t<div class=\"elementor-container elementor-column-gap-extended\">\n\t\t\t\t\t<div class=\"elementor-column elementor-col-50 elementor-inner-column elementor-element elementor-element-7e29159\" data-id=\"7e29159\" data-element_type=\"column\">\n\t\t\t<div class=\"elementor-widget-wrap elementor-element-populated\">\n\t\t\t\t\t\t\t\t<div class=\"elementor-element elementor-element-68d1be4 elementor-widget elementor-widget-agrarium_heading\" data-id=\"68d1be4\" data-element_type=\"widget\" data-widget_type=\"agrarium_heading.default\">\n\t\t\t\t<div class=\"elementor-widget-container\">\n\t\t\t<div class=\"agrarium-heading-widget\"><h2 class=\"agrarium-heading\"><span class=\"agrarium-subheading\">More news in the agro-food sector<\/span><span class=\"agrarium-heading-content\">Deforestation Law<\/span><\/h2><\/div>\t\t<\/div>\n\t\t\t\t<\/div>\n\t\t\t\t<div class=\"elementor-element elementor-element-76baf37 elementor-widget elementor-widget-text-editor\" data-id=\"76baf37\" data-element_type=\"widget\" data-widget_type=\"text-editor.default\">\n\t\t\t\t<div class=\"elementor-widget-container\">\n\t\t\t\t\t\t\t<p>La nueva Ley de Deforestaci\u00f3n, que obliga a las empresas a verificar que los productos vendidos en la UE no se han producido en tierras deforestadas, entr\u00f3 en vigor el 29 de junio de 2023 y tiene 18 meses para aplicarse.<\/p>\n<p>Con esta ley, la UE quiere garantizar a los consumidores que los productos que compran no contribuyen a la destrucci\u00f3n de los bosques y su biodiversidad, y reducir as\u00ed la contribuci\u00f3n de la UE al cambio clim\u00e1tico y a la violaci\u00f3n de los derechos humanos de los pueblos ind\u00edgenas.<\/p>\n<p>Las empresas que comercian con productos de riesgo forestal est\u00e1n obligadas a ejercer la diligencia debida para evaluar su cadena de suministro, lo que supone una ardua tarea para reunir la documentaci\u00f3n necesaria.<\/p>\n<p>abunda pretende ser parte de la soluci\u00f3n como un tipo de herramienta para cumplir y supervisar el cumplimiento de esta ley, sus funciones:<\/p>\n<ul>\n<li data-leveltext=\"\uf0d8\" data-font=\"Wingdings\" data-listid=\"10\" data-list-defn-props=\"{\"335552541\":1,\"335559684\":-2,\"335559685\":720,\"335559991\":360,\"469769226\":\"Wingdings\",\"469769242\":[8226],\"469777803\":\"left\",\"469777804\":\"\uf0d8\",\"469777815\":\"hybridMultilevel\"}\" aria-setsize=\"-1\" data-aria-posinset=\"1\" data-aria-level=\"1\">Cartograf\u00eda agr\u00edcola por GPS<\/li>\n<li data-leveltext=\"\uf0d8\" data-font=\"Wingdings\" data-listid=\"10\" data-list-defn-props=\"{\"335552541\":1,\"335559684\":-2,\"335559685\":720,\"335559991\":360,\"469769226\":\"Wingdings\",\"469769242\":[8226],\"469777803\":\"left\",\"469777804\":\"\uf0d8\",\"469777815\":\"hybridMultilevel\"}\" aria-setsize=\"-1\" data-aria-posinset=\"2\" data-aria-level=\"1\">Inserci\u00f3n de la capa del mapa de deforestaci\u00f3n<\/li>\n<li data-leveltext=\"\uf0d8\" data-font=\"Wingdings\" data-listid=\"10\" data-list-defn-props=\"{\"335552541\":1,\"335559684\":-2,\"335559685\":720,\"335559991\":360,\"469769226\":\"Wingdings\",\"469769242\":[8226],\"469777803\":\"left\",\"469777804\":\"\uf0d8\",\"469777815\":\"hybridMultilevel\"}\" aria-setsize=\"-1\" data-aria-posinset=\"3\" data-aria-level=\"1\">Informaci\u00f3n a trav\u00e9s de la demarcaci\u00f3n de cultivos<\/li>\n<\/ul>\n\t\t\t\t\t\t<\/div>\n\t\t\t\t<\/div>\n\t\t\t\t\t<\/div>\n\t\t<\/div>\n\t\t\t\t<div class=\"elementor-column elementor-col-50 elementor-inner-column elementor-element elementor-element-8901438\" data-id=\"8901438\" data-element_type=\"column\">\n\t\t\t<div class=\"elementor-widget-wrap elementor-element-populated\">\n\t\t\t\t\t\t\t\t<div class=\"elementor-element elementor-element-c29e0ab scroll-motion-no elementor-widget elementor-widget-agrarium_image\" data-id=\"c29e0ab\" data-element_type=\"widget\" data-widget_type=\"agrarium_image.default\">\n\t\t\t\t<div class=\"elementor-widget-container\">\n\t\t\t        <div class=\"image-widget\">\n            <div class=\"image-container image-style-default\">\n                <img decoding=\"async\" class=\"main-image\" src=\"https:\/\/www.abunda.plus\/wp-content\/uploads\/2023\/02\/deforestation.jpg\" alt=\"\" \/>\n                            <\/div>\n        <\/div>\n        \t\t<\/div>\n\t\t\t\t<\/div>\n\t\t\t\t\t<\/div>\n\t\t<\/div>\n\t\t\t\t\t\t\t<\/div>\n\t\t<\/section>\n\t\t\t\t\t<\/div>\n\t\t<\/div>\n\t\t\t\t\t\t\t<\/div>\n\t\t<\/section>\n\t\t\t\t<section class=\"elementor-section elementor-top-section elementor-element elementor-element-2a204c73 elementor-section-full_width elementor-section-stretched elementor-section-height-default elementor-section-height-default\" data-id=\"2a204c73\" data-element_type=\"section\" data-settings=\"{&quot;stretch_section&quot;:&quot;section-stretched&quot;,&quot;animation&quot;:&quot;none&quot;}\">\n\t\t\t\t\t\t<div class=\"elementor-container elementor-column-gap-no\">\n\t\t\t\t\t<div class=\"elementor-column elementor-col-100 elementor-top-column elementor-element elementor-element-725383cb\" data-id=\"725383cb\" data-element_type=\"column\">\n\t\t\t<div class=\"elementor-widget-wrap\">\n\t\t\t\t\t\t\t\t\t<\/div>\n\t\t<\/div>\n\t\t\t\t\t\t\t<\/div>\n\t\t<\/section>\n\t\t\t\t\t\t\t<\/div>\n\t\t","protected":false},"excerpt":{"rendered":"<p>\u00bfQu\u00e9 es abunda ICS? abunda es un sistema desarrollado para facilitar la preparaci\u00f3n hacia la certificaci\u00f3n, organizando de forma profesional y eficaz el sistema de control interno de los grupos o cooperativas de productos ecol\u00f3gicos y otras normas. A trav\u00e9s de&#8230;<\/p>\n","protected":false},"author":1,"featured_media":0,"parent":0,"menu_order":0,"comment_status":"closed","ping_status":"closed","template":"","meta":{"footnotes":""},"class_list":["post-20419","page","type-page","status-publish","hentry"],"aioseo_notices":[],"_links":{"self":[{"href":"https:\/\/www.abunda.plus\/es\/wp-json\/wp\/v2\/pages\/20419","targetHints":{"allow":["GET"]}}],"collection":[{"href":"https:\/\/www.abunda.plus\/es\/wp-json\/wp\/v2\/pages"}],"about":[{"href":"https:\/\/www.abunda.plus\/es\/wp-json\/wp\/v2\/types\/page"}],"author":[{"embeddable":true,"href":"https:\/\/www.abunda.plus\/es\/wp-json\/wp\/v2\/users\/1"}],"replies":[{"embeddable":true,"href":"https:\/\/www.abunda.plus\/es\/wp-json\/wp\/v2\/comments?post=20419"}],"version-history":[{"count":78,"href":"https:\/\/www.abunda.plus\/es\/wp-json\/wp\/v2\/pages\/20419\/revisions"}],"predecessor-version":[{"id":22864,"href":"https:\/\/www.abunda.plus\/es\/wp-json\/wp\/v2\/pages\/20419\/revisions\/22864"}],"wp:attachment":[{"href":"https:\/\/www.abunda.plus\/es\/wp-json\/wp\/v2\/media?parent=20419"}],"curies":[{"name":"wp","href":"https:\/\/api.w.org\/{rel}","templated":true}]}}